{"id":3470,"date":"2024-05-28T15:10:43","date_gmt":"2024-05-28T13:10:43","guid":{"rendered":"https:\/\/www.becouze-talents.com\/accueil"},"modified":"2026-03-25T14:14:00","modified_gmt":"2026-03-25T13:14:00","slug":"accueil","status":"publish","type":"page","link":"https:\/\/www.becouze-talents.com\/en","title":{"rendered":"HOME PAGE"},"content":{"rendered":"\n<div class=\"wp-block-group is-layout-flow wp-block-group-is-layout-flow\">\n<p class=\"has-regular-font-size\"><mark style=\"background-color:rgba(0, 0, 0, 0)\" class=\"has-inline-color has-secondary-color-color\">\/<\/mark> Becouze, independent accounting, auditing and consulting firm.<\/p>\n\n\n\n<h1 class=\"wp-block-heading\" style=\"padding-top:0;padding-right:0;padding-bottom:0;padding-left:0;font-size:clamp(33.419px, 2.089rem + ((1vw - 3.2px) * 3.021), 60px);line-height:1\">KNOWING YOU ARE UNIQUE AND TAKING ACTION<\/h1>\n<\/div>\n\n\n\n<div style=\"height:var(--wp--preset--spacing--60)\" aria-hidden=\"true\" class=\"wp-block-spacer\"><\/div>\n\n\n\n<div class=\"wp-block-create-block-atalanta-banner-image\">\n<div class=\"wp-block-cover is-light\"><img loading=\"lazy\" decoding=\"async\" width=\"1580\" height=\"500\" class=\"wp-block-cover__image-background wp-image-2108\" alt=\"\" src=\"https:\/\/www.becouze-talents.com\/wp-content\/uploads\/2024\/10\/Presentation-1.-Bandeau.jpg\" data-object-fit=\"cover\" srcset=\"https:\/\/www.becouze-talents.com\/wp-content\/uploads\/2024\/10\/Presentation-1.-Bandeau.jpg 1580w, https:\/\/www.becouze-talents.com\/wp-content\/uploads\/2024\/10\/Presentation-1.-Bandeau-300x95.jpg 300w, https:\/\/www.becouze-talents.com\/wp-content\/uploads\/2024\/10\/Presentation-1.-Bandeau-1024x324.jpg 1024w, https:\/\/www.becouze-talents.com\/wp-content\/uploads\/2024\/10\/Presentation-1.-Bandeau-768x243.jpg 768w, https:\/\/www.becouze-talents.com\/wp-content\/uploads\/2024\/10\/Presentation-1.-Bandeau-1536x486.jpg 1536w\" sizes=\"auto, (max-width: 1580px) 100vw, 1580px\" \/><span aria-hidden=\"true\" class=\"wp-block-cover__background has-background-dim-0 has-background-dim\" style=\"background-color:#FFF\"><\/span><div class=\"wp-block-cover__inner-container is-layout-flow wp-block-cover-is-layout-flow\">\n<p class=\"has-text-align-center has-large-font-size\"><\/p>\n<\/div><\/div>\n\n\n\n<div class=\"wp-block-button\"><a class=\"wp-block-button__link has-white-color has-text-color wp-element-button\" href=\"https:\/\/www.becouze-talents.com\/en\/introduction\">LEARN MORE<\/a><\/div>\n<\/div>\n\n\n\n<div class=\"wp-block-group is-layout-flow wp-block-group-is-layout-flow\" style=\"padding-top:var(--wp--preset--spacing--80);padding-bottom:var(--wp--preset--spacing--80)\">\n<div class=\"wp-block-columns are-vertically-aligned-center is-layout-flex wp-container-core-columns-is-layout-28f84493 wp-block-columns-is-layout-flex\">\n<div class=\"wp-block-column is-vertically-aligned-center is-layout-flow wp-container-core-column-is-layout-e3da8c2a wp-block-column-is-layout-flow\" style=\"padding-right:0;padding-left:0\">\n<h2 class=\"wp-block-heading\" style=\"font-size:clamp(0.984rem, 0.984rem + ((1vw - 0.2rem) * 0.938), 1.5rem);font-style:normal;font-weight:700;line-height:1.3\">Our company, based in ANGERS, PARIS and NANTES, assists businesses and organisations in managing their financial and non-financial information.<\/h2>\n<\/div>\n\n\n\n<div class=\"wp-block-column is-vertically-aligned-center is-layout-flow wp-block-column-is-layout-flow\" style=\"padding-right:var(--wp--preset--spacing--60);padding-left:var(--wp--preset--spacing--60)\">\n<div class=\"wp-block-create-block-atalanta-countup\"><div data-number=\"40\">\n<div class=\"wp-block-group counter-container is-layout-flow wp-block-group-is-layout-flow\" style=\"padding-right:var(--wp--preset--spacing--30);padding-left:var(--wp--preset--spacing--30)\">\n<p class=\"number\">40<\/p>\n\n\n\n<p class=\"has-medium-font-size\" style=\"font-style:normal;font-weight:500\">years of experience<\/p>\n<\/div>\n<\/div><\/div>\n\n\n\n<div class=\"wp-block-create-block-atalanta-countup\"><div data-number=\"27\">\n<div class=\"wp-block-group counter-container is-layout-flow wp-block-group-is-layout-flow\" style=\"padding-right:var(--wp--preset--spacing--40);padding-left:var(--wp--preset--spacing--40)\">\n<p class=\"number\">27<\/p>\n\n\n\n<p class=\"has-medium-font-size\" style=\"font-style:normal;font-weight:500\">partners<\/p>\n<\/div>\n<\/div><\/div>\n<\/div>\n\n\n\n<div class=\"wp-block-column is-vertically-aligned-center is-layout-flow wp-block-column-is-layout-flow\" style=\"padding-right:var(--wp--preset--spacing--60);padding-left:var(--wp--preset--spacing--60)\">\n<div class=\"wp-block-create-block-atalanta-countup\"><div data-number=\"230\">\n<div class=\"wp-block-group counter-container is-layout-flow wp-block-group-is-layout-flow\" style=\"padding-right:var(--wp--preset--spacing--40);padding-left:var(--wp--preset--spacing--40)\">\n<p class=\"number\">230<\/p>\n\n\n\n<p class=\"has-medium-font-size\" style=\"font-style:normal;font-weight:500\">employees<\/p>\n<\/div>\n<\/div><\/div>\n\n\n\n<div class=\"wp-block-create-block-atalanta-countup\"><div data-number=\"2000\">\n<div class=\"wp-block-group counter-container is-layout-flow wp-block-group-is-layout-flow\" style=\"padding-right:var(--wp--preset--spacing--40);padding-left:var(--wp--preset--spacing--40)\">\n<p class=\"number\">2000<\/p>\n\n\n\n<p class=\"has-medium-font-size\" style=\"font-style:normal;font-weight:500\">clients<\/p>\n<\/div>\n<\/div><\/div>\n<\/div>\n<\/div>\n<\/div>\n\n\n\n<div class=\"wp-block-create-block-atalanta-block-theme-01\">\n<div class=\"wp-block-columns is-layout-flex wp-container-core-columns-is-layout-28f84493 wp-block-columns-is-layout-flex\">\n<div class=\"wp-block-column has-primary-color-background-color has-background is-layout-flow wp-block-column-is-layout-flow\" style=\"flex-basis:34%\">\n<h2 class=\"wp-block-heading has-gray-color-color has-text-color has-link-color wp-elements-231a7dd16f9d64633d9d14f9d9e90ff3\" style=\"font-size:clamp(1.743rem, 1.743rem + ((1vw - 0.2rem) * 2.285), 3rem);\">BECOUZE&#8217;s <br>CSR APProach<\/h2>\n\n\n\n<p class=\"has-white-color has-text-color has-link-color wp-elements-4c43161c7fc0df48989ce9e86b2c18b7\" style=\"font-size:clamp(0.901rem, 0.901rem + ((1vw - 0.2rem) * 0.816), 1.35rem);font-style:normal;font-weight:500;line-height:1.3;text-transform:uppercase\">Our social, societal and environmental approach<\/p>\n\n\n\n<div class=\"wp-block-buttons is-layout-flex wp-block-buttons-is-layout-flex\">\n<div class=\"wp-block-button\"><a class=\"wp-block-button__link has-primary-color-color has-text-color has-link-color wp-element-button\" href=\"https:\/\/www.becouze-talents.com\/en\/csr-approach\">Leanr more<\/a><\/div>\n<\/div>\n<\/div>\n\n\n\n<div class=\"wp-block-column is-layout-flow wp-block-column-is-layout-flow\" style=\"flex-basis:69%\">\n<figure class=\"wp-block-image size-large\"><img decoding=\"async\" src=\"https:\/\/www.becouze-talents.com\/wp-content\/uploads\/2025\/01\/Collection-Management-Day-2024-2-e1735898411331-edited.jpg\" alt=\"\" style=\"aspect-ratio:16\/9;object-fit:cover\"\/><\/figure>\n<\/div>\n<\/div>\n<\/div>\n\n\n\n<div style=\"height:5rem\" aria-hidden=\"true\" class=\"wp-block-spacer\"><\/div>\n\n\n\n<div class=\"wp-block-columns is-layout-flex wp-container-core-columns-is-layout-28f84493 wp-block-columns-is-layout-flex\">\n<div class=\"wp-block-column is-layout-flow wp-block-column-is-layout-flow\" style=\"flex-basis:50%\">\n<p class=\"has-regular-font-size\" style=\"margin-top:0px;margin-bottom:0px\"><mark style=\"background-color:rgba(0, 0, 0, 0)\" class=\"has-inline-color has-secondary-color-color\">\/<\/mark> Business expertise<\/p>\n\n\n\n<h2 class=\"wp-block-heading\" style=\"margin-top:0;margin-bottom:0;padding-top:0;padding-bottom:var(--wp--preset--spacing--40);font-size:clamp(1.743rem, 1.743rem + ((1vw - 0.2rem) * 2.285), 3rem);font-style:normal;font-weight:700\">several professions, <br>a single mission.<\/h2>\n<\/div>\n\n\n\n<div class=\"wp-block-column is-layout-flow wp-block-column-is-layout-flow\" style=\"flex-basis:44%\"><\/div>\n<\/div>\n\n\n\n<div class=\"wp-block-columns is-not-stacked-on-mobile block-footer-single-jobs-mission is-layout-flex wp-container-core-columns-is-layout-e0e4babd wp-block-columns-is-layout-flex\" style=\"padding-right:0;padding-left:0\">\n<div class=\"wp-block-column is-layout-flow wp-block-column-is-layout-flow\" style=\"flex-basis:100%\">\n<div class=\"wp-block-query wp-loop-jobs is-layout-flow wp-block-query-is-layout-flow\"><ul style=\"font-style:normal;font-weight:700;text-transform:uppercase;\" class=\"has-link-color columns-3 wp-elements-81a26197d0847cbc54b5a2b6f4251982 wp-block-post-template has-text-color has-primary-color-color is-layout-grid wp-container-core-post-template-is-layout-125c70a0 wp-block-post-template-is-layout-grid\"><li class=\"wp-block-post post-3478 jobs type-jobs status-publish hentry\">\n<h4 style=\"font-style:normal;font-weight:700;text-decoration:none;text-transform:uppercase; padding-left:var(--wp--preset--spacing--30);\" class=\"has-link-color job-expertise-comptable-et-fiscalite wp-elements-b8b8a3d4125ba77fcdab3c75463af293 wp-block-post-title has-text-color has-primary-color-color has-large-font-size wp-elements-81a26197d0847cbc54b5a2b6f4251982\"><a href=\"https:\/\/www.becouze-talents.com\/en\/jobs\/accounting-taxation\" target=\"_self\" >Chartered accounting and tax<\/a><\/h4>\n<\/li><li class=\"wp-block-post post-3549 jobs type-jobs status-publish hentry\">\n<h4 style=\"font-style:normal;font-weight:700;text-decoration:none;text-transform:uppercase; padding-left:var(--wp--preset--spacing--30);\" class=\"has-link-color job-expertise-comptable-et-fiscalite wp-elements-b8b8a3d4125ba77fcdab3c75463af293 wp-block-post-title has-text-color has-primary-color-color has-large-font-size wp-elements-81a26197d0847cbc54b5a2b6f4251982\"><a href=\"https:\/\/www.becouze-talents.com\/en\/jobs\/valuation\" target=\"_self\" >Valuation<\/a><\/h4>\n<\/li><li class=\"wp-block-post post-3531 jobs type-jobs status-publish hentry\">\n<h4 style=\"font-style:normal;font-weight:700;text-decoration:none;text-transform:uppercase; padding-left:var(--wp--preset--spacing--30);\" class=\"has-link-color job-expertise-comptable-et-fiscalite wp-elements-b8b8a3d4125ba77fcdab3c75463af293 wp-block-post-title has-text-color has-primary-color-color has-large-font-size wp-elements-81a26197d0847cbc54b5a2b6f4251982\"><a href=\"https:\/\/www.becouze-talents.com\/en\/jobs\/audit-et-conformite\" target=\"_self\" >Audit and compliance<\/a><\/h4>\n<\/li><li class=\"wp-block-post post-3554 jobs type-jobs status-publish hentry\">\n<h4 style=\"font-style:normal;font-weight:700;text-decoration:none;text-transform:uppercase; padding-left:var(--wp--preset--spacing--30);\" class=\"has-link-color job-expertise-comptable-et-fiscalite wp-elements-b8b8a3d4125ba77fcdab3c75463af293 wp-block-post-title has-text-color has-primary-color-color has-large-font-size wp-elements-81a26197d0847cbc54b5a2b6f4251982\"><a href=\"https:\/\/www.becouze-talents.com\/en\/jobs\/transaction-services\" target=\"_self\" >Transaction services<\/a><\/h4>\n<\/li><li class=\"wp-block-post post-3538 jobs type-jobs status-publish hentry\">\n<h4 style=\"font-style:normal;font-weight:700;text-decoration:none;text-transform:uppercase; padding-left:var(--wp--preset--spacing--30);\" class=\"has-link-color job-expertise-comptable-et-fiscalite wp-elements-b8b8a3d4125ba77fcdab3c75463af293 wp-block-post-title has-text-color has-primary-color-color has-large-font-size wp-elements-81a26197d0847cbc54b5a2b6f4251982\"><a href=\"https:\/\/www.becouze-talents.com\/en\/jobs\/social-conseil-rh\" target=\"_self\" >Social and HR Consulting<\/a><\/h4>\n<\/li><li class=\"wp-block-post post-3558 jobs type-jobs status-publish hentry\">\n<h4 style=\"font-style:normal;font-weight:700;text-decoration:none;text-transform:uppercase; padding-left:var(--wp--preset--spacing--30);\" class=\"has-link-color job-expertise-comptable-et-fiscalite wp-elements-b8b8a3d4125ba77fcdab3c75463af293 wp-block-post-title has-text-color has-primary-color-color has-large-font-size wp-elements-81a26197d0847cbc54b5a2b6f4251982\"><a href=\"https:\/\/www.becouze-talents.com\/en\/jobs\/rse\" target=\"_self\" >CSR<\/a><\/h4>\n<\/li><li class=\"wp-block-post post-3546 jobs type-jobs status-publish hentry\">\n<h4 style=\"font-style:normal;font-weight:700;text-decoration:none;text-transform:uppercase; padding-left:var(--wp--preset--spacing--30);\" class=\"has-link-color job-expertise-comptable-et-fiscalite wp-elements-b8b8a3d4125ba77fcdab3c75463af293 wp-block-post-title has-text-color has-primary-color-color has-large-font-size wp-elements-81a26197d0847cbc54b5a2b6f4251982\"><a href=\"https:\/\/www.becouze-talents.com\/en\/jobs\/consolidation\" target=\"_self\" >Consolidation<\/a><\/h4>\n<\/li><li class=\"wp-block-post post-3561 jobs type-jobs status-publish hentry\">\n<h4 style=\"font-style:normal;font-weight:700;text-decoration:none;text-transform:uppercase; padding-left:var(--wp--preset--spacing--30);\" class=\"has-link-color job-expertise-comptable-et-fiscalite wp-elements-b8b8a3d4125ba77fcdab3c75463af293 wp-block-post-title has-text-color has-primary-color-color has-large-font-size wp-elements-81a26197d0847cbc54b5a2b6f4251982\"><a href=\"https:\/\/www.becouze-talents.com\/en\/jobs\/it-data\" target=\"_self\" >IT DATA<\/a><\/h4>\n<\/li><\/ul>\n\n\n<p><\/p>\n<\/div>\n<\/div>\n<\/div>\n\n\n\n<div style=\"height:2.9rem\" aria-hidden=\"true\" class=\"wp-block-spacer\"><\/div>\n\n\n\n<div style=\"height:0px\" aria-hidden=\"true\" class=\"wp-block-spacer\"><\/div>\n\n\n\n<div class=\"wp-block-create-block-atalanta-block-theme-02\">\n<div class=\"wp-block-columns is-layout-flex wp-container-core-columns-is-layout-28f84493 wp-block-columns-is-layout-flex\">\n<div class=\"wp-block-column has-secondary-color-background-color has-background is-layout-flow wp-block-column-is-layout-flow\" style=\"flex-basis:50%\">\n<h3 class=\"wp-block-heading has-gray-color-color has-text-color has-link-color wp-elements-34e35245010ce2238dda1e4148845d8c\" style=\"font-size:clamp(1.743rem, 1.743rem + ((1vw - 0.2rem) * 2.285), 3rem);\"><strong><strong>Experience the BECOUZE adventure<\/strong>!<\/strong><\/h3>\n\n\n\n<p class=\"has-white-color has-text-color has-link-color wp-elements-0c4c062cd60f23784150854fafd4480b\">The evolution of finance, social and consultancy professions calls for us to constantly strengthen our team with new skills. What if you were our next talent?<\/p>\n\n\n\n<div class=\"wp-block-buttons block-buttons-with-arrow is-layout-flex wp-block-buttons-is-layout-flex\">\n<div class=\"wp-block-button\"><a class=\"wp-block-button__link wp-element-button\" href=\"https:\/\/careers.werecruit.io\/fr\/crowe-becouze#block-c59f964b-402b-41d3-9784-d03452799036\" style=\"font-style:normal;font-weight:600\">Our job offers<\/a><\/div>\n\n\n\n<div class=\"wp-block-button\"><a class=\"wp-block-button__link wp-element-button\" href=\"https:\/\/careers.werecruit.io\/fr\/crowe-becouze\/offres\/candidature-spontanee-c16f35\" style=\"font-style:normal;font-weight:600\" target=\"_blank\" rel=\"noreferrer noopener\">spontaneous application<\/a><\/div>\n<\/div>\n\n\n\n<div class=\"wp-block-buttons is-layout-flex wp-block-buttons-is-layout-flex\">\n<div class=\"wp-block-button btn-bcz\"><a class=\"wp-block-button__link wp-element-button\" href=\"https:\/\/www.becouze-talents.com\/en\/supporting-you\">your career at BECOUZE<\/a><\/div>\n<\/div>\n<\/div>\n\n\n\n<div class=\"wp-block-column is-layout-flow wp-block-column-is-layout-flow\" style=\"flex-basis:50%\">\n<div class=\"wp-block-cover alignfull\"><img loading=\"lazy\" decoding=\"async\" width=\"534\" height=\"535\" class=\"wp-block-cover__image-background wp-image-2378\" alt=\"\" src=\"https:\/\/www.becouze-talents.com\/wp-content\/uploads\/2024\/11\/Capture-Marine.jpg\" data-object-fit=\"cover\" srcset=\"https:\/\/www.becouze-talents.com\/wp-content\/uploads\/2024\/11\/Capture-Marine.jpg 534w, https:\/\/www.becouze-talents.com\/wp-content\/uploads\/2024\/11\/Capture-Marine-300x300.jpg 300w, https:\/\/www.becouze-talents.com\/wp-content\/uploads\/2024\/11\/Capture-Marine-150x150.jpg 150w, https:\/\/www.becouze-talents.com\/wp-content\/uploads\/2024\/11\/Capture-Marine-200x200.jpg 200w, https:\/\/www.becouze-talents.com\/wp-content\/uploads\/2024\/11\/Capture-Marine-285x285.jpg 285w, https:\/\/www.becouze-talents.com\/wp-content\/uploads\/2024\/11\/Capture-Marine-570x570.jpg 570w\" sizes=\"auto, (max-width: 534px) 100vw, 534px\" \/><span aria-hidden=\"true\" class=\"wp-block-cover__background has-background-dim-10 has-background-dim\" style=\"background-color:#786f77\"><\/span><div class=\"wp-block-cover__inner-container is-layout-flow wp-block-cover-is-layout-flow\">\n<div class=\"wp-block-buttons is-content-justification-center is-layout-flex wp-container-core-buttons-is-layout-a89b3969 wp-block-buttons-is-layout-flex\">\n<div class=\"wp-block-button is-style-outline is-style-outline--1\" id=\"btn-show-modal\"><a class=\"wp-block-button__link wp-element-button\" href=\"https:\/\/www.youtube.com\/watch?v=gGHOWQFYLj0\" style=\"text-transform:uppercase\" target=\"_blank\" rel=\"noreferrer noopener\">Listen to<br>marine&#8217;s experience <br><\/a><\/div>\n<\/div>\n<\/div><\/div>\n<\/div>\n<\/div>\n<\/div>\n","protected":false},"excerpt":{"rendered":"<p>\/ Becouze, independent accounting, auditing and consulting firm. KNOWING YOU ARE UNIQUE AND TAKING [&hellip;]<\/p>\n","protected":false},"author":1,"featured_media":0,"parent":0,"menu_order":0,"comment_status":"closed","ping_status":"closed","template":"","meta":{"_acf_changed":false,"footnotes":""},"class_list":["post-3470","page","type-page","status-publish","hentry"],"acf":[],"yoast_head":"<!-- This site is optimized with the Yoast SEO plugin v27.6 - https:\/\/yoast.com\/product\/yoast-seo-wordpress\/ -->\n<title>HOME PAGE - BCZ<\/title>\n<meta name=\"robots\" content=\"index, follow, max-snippet:-1, max-image-preview:large, max-video-preview:-1\" \/>\n<link rel=\"canonical\" href=\"https:\/\/www.becouze-talents.com\/en\" \/>\n<meta property=\"og:locale\" content=\"en_US\" \/>\n<meta property=\"og:type\" content=\"article\" \/>\n<meta property=\"og:title\" content=\"HOME PAGE - BCZ\" \/>\n<meta property=\"og:description\" content=\"\/ Becouze, independent accounting, auditing and consulting firm. KNOWING YOU ARE UNIQUE AND TAKING [&hellip;]\" \/>\n<meta property=\"og:url\" content=\"https:\/\/www.becouze-talents.com\/en\" \/>\n<meta property=\"og:site_name\" content=\"BCZ\" \/>\n<meta property=\"article:modified_time\" content=\"2026-03-25T13:14:00+00:00\" \/>\n<meta property=\"og:image\" content=\"https:\/\/www.becouze-talents.com\/wp-content\/uploads\/2024\/10\/Presentation-1.-Bandeau.jpg\" \/>\n\t<meta property=\"og:image:width\" content=\"1580\" \/>\n\t<meta property=\"og:image:height\" content=\"500\" \/>\n\t<meta property=\"og:image:type\" content=\"image\/jpeg\" \/>\n<meta name=\"twitter:card\" content=\"summary_large_image\" \/>\n<meta name=\"twitter:label1\" content=\"Est. reading time\" \/>\n\t<meta name=\"twitter:data1\" content=\"2 minutes\" \/>\n<script type=\"application\/ld+json\" class=\"yoast-schema-graph\">{\"@context\":\"https:\\\/\\\/schema.org\",\"@graph\":[{\"@type\":\"WebPage\",\"@id\":\"https:\\\/\\\/www.becouze-talents.com\\\/en\",\"url\":\"https:\\\/\\\/www.becouze-talents.com\\\/en\",\"name\":\"HOME PAGE - BCZ\",\"isPartOf\":{\"@id\":\"https:\\\/\\\/www.becouze-talents.com\\\/en#website\"},\"primaryImageOfPage\":{\"@id\":\"https:\\\/\\\/www.becouze-talents.com\\\/en#primaryimage\"},\"image\":{\"@id\":\"https:\\\/\\\/www.becouze-talents.com\\\/en#primaryimage\"},\"thumbnailUrl\":\"https:\\\/\\\/www.becouze-talents.com\\\/wp-content\\\/uploads\\\/2024\\\/10\\\/Presentation-1.-Bandeau.jpg\",\"datePublished\":\"2024-05-28T13:10:43+00:00\",\"dateModified\":\"2026-03-25T13:14:00+00:00\",\"breadcrumb\":{\"@id\":\"https:\\\/\\\/www.becouze-talents.com\\\/en#breadcrumb\"},\"inLanguage\":\"en-US\",\"potentialAction\":[{\"@type\":\"ReadAction\",\"target\":[\"https:\\\/\\\/www.becouze-talents.com\\\/en\"]}]},{\"@type\":\"ImageObject\",\"inLanguage\":\"en-US\",\"@id\":\"https:\\\/\\\/www.becouze-talents.com\\\/en#primaryimage\",\"url\":\"https:\\\/\\\/www.becouze-talents.com\\\/wp-content\\\/uploads\\\/2024\\\/10\\\/Presentation-1.-Bandeau.jpg\",\"contentUrl\":\"https:\\\/\\\/www.becouze-talents.com\\\/wp-content\\\/uploads\\\/2024\\\/10\\\/Presentation-1.-Bandeau.jpg\"},{\"@type\":\"BreadcrumbList\",\"@id\":\"https:\\\/\\\/www.becouze-talents.com\\\/en#breadcrumb\",\"itemListElement\":[{\"@type\":\"ListItem\",\"position\":1,\"name\":\"Becouze\",\"item\":\"https:\\\/\\\/www.becouze-talents.com\\\/en\"},{\"@type\":\"ListItem\",\"position\":2,\"name\":\"HOME PAGE\"}]},{\"@type\":\"WebSite\",\"@id\":\"https:\\\/\\\/www.becouze-talents.com\\\/en#website\",\"url\":\"https:\\\/\\\/www.becouze-talents.com\\\/en\",\"name\":\"BCZ\",\"description\":\"BCZ, soci\u00e9t\u00e9 ind\u00e9pendante d&#039;expertise, d&#039;audit et de conseil.\",\"publisher\":{\"@id\":\"https:\\\/\\\/www.becouze-talents.com\\\/en#organization\"},\"potentialAction\":[{\"@type\":\"SearchAction\",\"target\":{\"@type\":\"EntryPoint\",\"urlTemplate\":\"https:\\\/\\\/www.becouze-talents.com\\\/en?s={search_term_string}\"},\"query-input\":{\"@type\":\"PropertyValueSpecification\",\"valueRequired\":true,\"valueName\":\"search_term_string\"}}],\"inLanguage\":\"en-US\"},{\"@type\":\"Organization\",\"@id\":\"https:\\\/\\\/www.becouze-talents.com\\\/en#organization\",\"name\":\"BCZ\",\"url\":\"https:\\\/\\\/www.becouze-talents.com\\\/en\",\"logo\":{\"@type\":\"ImageObject\",\"inLanguage\":\"en-US\",\"@id\":\"https:\\\/\\\/www.becouze-talents.com\\\/en#\\\/schema\\\/logo\\\/image\\\/\",\"url\":\"https:\\\/\\\/www.becouze-talents.com\\\/wp-content\\\/uploads\\\/2024\\\/10\\\/Logo_Global_avec_baseline.svg\",\"contentUrl\":\"https:\\\/\\\/www.becouze-talents.com\\\/wp-content\\\/uploads\\\/2024\\\/10\\\/Logo_Global_avec_baseline.svg\",\"caption\":\"BCZ\"},\"image\":{\"@id\":\"https:\\\/\\\/www.becouze-talents.com\\\/en#\\\/schema\\\/logo\\\/image\\\/\"}}]}<\/script>\n<!-- \/ Yoast SEO plugin. -->","yoast_head_json":{"title":"HOME PAGE - BCZ","robots":{"index":"index","follow":"follow","max-snippet":"max-snippet:-1","max-image-preview":"max-image-preview:large","max-video-preview":"max-video-preview:-1"},"canonical":"https:\/\/www.becouze-talents.com\/en","og_locale":"en_US","og_type":"article","og_title":"HOME PAGE - BCZ","og_description":"\/ Becouze, independent accounting, auditing and consulting firm. KNOWING YOU ARE UNIQUE AND TAKING [&hellip;]","og_url":"https:\/\/www.becouze-talents.com\/en","og_site_name":"BCZ","article_modified_time":"2026-03-25T13:14:00+00:00","og_image":[{"width":1580,"height":500,"url":"https:\/\/www.becouze-talents.com\/wp-content\/uploads\/2024\/10\/Presentation-1.-Bandeau.jpg","type":"image\/jpeg"}],"twitter_card":"summary_large_image","twitter_misc":{"Est. reading time":"2 minutes"},"schema":{"@context":"https:\/\/schema.org","@graph":[{"@type":"WebPage","@id":"https:\/\/www.becouze-talents.com\/en","url":"https:\/\/www.becouze-talents.com\/en","name":"HOME PAGE - BCZ","isPartOf":{"@id":"https:\/\/www.becouze-talents.com\/en#website"},"primaryImageOfPage":{"@id":"https:\/\/www.becouze-talents.com\/en#primaryimage"},"image":{"@id":"https:\/\/www.becouze-talents.com\/en#primaryimage"},"thumbnailUrl":"https:\/\/www.becouze-talents.com\/wp-content\/uploads\/2024\/10\/Presentation-1.-Bandeau.jpg","datePublished":"2024-05-28T13:10:43+00:00","dateModified":"2026-03-25T13:14:00+00:00","breadcrumb":{"@id":"https:\/\/www.becouze-talents.com\/en#breadcrumb"},"inLanguage":"en-US","potentialAction":[{"@type":"ReadAction","target":["https:\/\/www.becouze-talents.com\/en"]}]},{"@type":"ImageObject","inLanguage":"en-US","@id":"https:\/\/www.becouze-talents.com\/en#primaryimage","url":"https:\/\/www.becouze-talents.com\/wp-content\/uploads\/2024\/10\/Presentation-1.-Bandeau.jpg","contentUrl":"https:\/\/www.becouze-talents.com\/wp-content\/uploads\/2024\/10\/Presentation-1.-Bandeau.jpg"},{"@type":"BreadcrumbList","@id":"https:\/\/www.becouze-talents.com\/en#breadcrumb","itemListElement":[{"@type":"ListItem","position":1,"name":"Becouze","item":"https:\/\/www.becouze-talents.com\/en"},{"@type":"ListItem","position":2,"name":"HOME PAGE"}]},{"@type":"WebSite","@id":"https:\/\/www.becouze-talents.com\/en#website","url":"https:\/\/www.becouze-talents.com\/en","name":"BCZ","description":"BCZ, soci\u00e9t\u00e9 ind\u00e9pendante d&#039;expertise, d&#039;audit et de conseil.","publisher":{"@id":"https:\/\/www.becouze-talents.com\/en#organization"},"potentialAction":[{"@type":"SearchAction","target":{"@type":"EntryPoint","urlTemplate":"https:\/\/www.becouze-talents.com\/en?s={search_term_string}"},"query-input":{"@type":"PropertyValueSpecification","valueRequired":true,"valueName":"search_term_string"}}],"inLanguage":"en-US"},{"@type":"Organization","@id":"https:\/\/www.becouze-talents.com\/en#organization","name":"BCZ","url":"https:\/\/www.becouze-talents.com\/en","logo":{"@type":"ImageObject","inLanguage":"en-US","@id":"https:\/\/www.becouze-talents.com\/en#\/schema\/logo\/image\/","url":"https:\/\/www.becouze-talents.com\/wp-content\/uploads\/2024\/10\/Logo_Global_avec_baseline.svg","contentUrl":"https:\/\/www.becouze-talents.com\/wp-content\/uploads\/2024\/10\/Logo_Global_avec_baseline.svg","caption":"BCZ"},"image":{"@id":"https:\/\/www.becouze-talents.com\/en#\/schema\/logo\/image\/"}}]}},"_links":{"self":[{"href":"https:\/\/www.becouze-talents.com\/en\/wp-json\/wp\/v2\/pages\/3470","targetHints":{"allow":["GET"]}}],"collection":[{"href":"https:\/\/www.becouze-talents.com\/en\/wp-json\/wp\/v2\/pages"}],"about":[{"href":"https:\/\/www.becouze-talents.com\/en\/wp-json\/wp\/v2\/types\/page"}],"author":[{"embeddable":true,"href":"https:\/\/www.becouze-talents.com\/en\/wp-json\/wp\/v2\/users\/1"}],"replies":[{"embeddable":true,"href":"https:\/\/www.becouze-talents.com\/en\/wp-json\/wp\/v2\/comments?post=3470"}],"version-history":[{"count":24,"href":"https:\/\/www.becouze-talents.com\/en\/wp-json\/wp\/v2\/pages\/3470\/revisions"}],"predecessor-version":[{"id":4337,"href":"https:\/\/www.becouze-talents.com\/en\/wp-json\/wp\/v2\/pages\/3470\/revisions\/4337"}],"wp:attachment":[{"href":"https:\/\/www.becouze-talents.com\/en\/wp-json\/wp\/v2\/media?parent=3470"}],"curies":[{"name":"wp","href":"https:\/\/api.w.org\/{rel}","templated":true}]}}