{"id":3500,"date":"2024-11-06T22:00:37","date_gmt":"2024-11-06T21:00:37","guid":{"rendered":"https:\/\/www.becouze-talents.com\/metiers"},"modified":"2025-03-26T12:26:55","modified_gmt":"2025-03-26T11:26:55","slug":"metiers","status":"publish","type":"page","link":"https:\/\/www.becouze-talents.com\/en\/metiers","title":{"rendered":"Business expertise"},"content":{"rendered":"\n<div class=\"wp-block-columns is-layout-flex wp-container-core-columns-is-layout-28f84493 wp-block-columns-is-layout-flex\">\n<div class=\"wp-block-column is-layout-flow wp-block-column-is-layout-flow\" style=\"flex-basis:66.66%\">\n<h1 class=\"wp-block-heading\">Business expertise<\/h1>\n<\/div>\n\n\n\n<div class=\"wp-block-column is-layout-flow wp-block-column-is-layout-flow\" style=\"padding-right:var(--wp--preset--spacing--60);padding-left:var(--wp--preset--spacing--60);flex-basis:33.33%\">\n<p class=\"has-regular-font-size\" style=\"text-transform:uppercase\"><\/p>\n<\/div>\n<\/div>\n\n\n\n<div class=\"wp-block-cover alignwide is-light wp-duotone-unset-1\"><span aria-hidden=\"true\" class=\"wp-block-cover__background has-background-dim-0 has-background-dim\"><\/span><img loading=\"lazy\" decoding=\"async\" width=\"1500\" height=\"475\" class=\"wp-block-cover__image-background wp-image-3136\" alt=\"\" src=\"https:\/\/www.becouze-talents.com\/wp-content\/uploads\/2025\/02\/Metiers-Bandeau.jpg\" data-object-fit=\"cover\" srcset=\"https:\/\/www.becouze-talents.com\/wp-content\/uploads\/2025\/02\/Metiers-Bandeau.jpg 1500w, https:\/\/www.becouze-talents.com\/wp-content\/uploads\/2025\/02\/Metiers-Bandeau-300x95.jpg 300w, https:\/\/www.becouze-talents.com\/wp-content\/uploads\/2025\/02\/Metiers-Bandeau-1024x324.jpg 1024w, https:\/\/www.becouze-talents.com\/wp-content\/uploads\/2025\/02\/Metiers-Bandeau-768x243.jpg 768w\" sizes=\"auto, (max-width: 1500px) 100vw, 1500px\" \/><div class=\"wp-block-cover__inner-container is-layout-flow wp-block-cover-is-layout-flow\">\n<p class=\"has-text-align-center has-large-font-size\"><\/p>\n<\/div><\/div>\n\n\n\n<div style=\"height:70px\" aria-hidden=\"true\" class=\"wp-block-spacer\"><\/div>\n\n\n\n<div class=\"wp-block-group is-layout-constrained wp-block-group-is-layout-constrained\">\n<div class=\"wp-block-columns alignfull is-not-stacked-on-mobile block-footer-single-jobs-mission is-layout-flex wp-container-core-columns-is-layout-e0e4babd wp-block-columns-is-layout-flex\" style=\"padding-right:0;padding-left:0\">\n<div class=\"wp-block-column is-layout-flow wp-block-column-is-layout-flow\" style=\"flex-basis:100%\">\n<div class=\"wp-block-query wp-loop-jobs is-layout-flow wp-block-query-is-layout-flow\"><ul style=\"font-style:normal;font-weight:700;text-transform:uppercase;\" class=\"has-link-color columns-3 wp-elements-81a26197d0847cbc54b5a2b6f4251982 wp-block-post-template has-text-color has-primary-color-color is-layout-grid wp-container-core-post-template-is-layout-125c70a0 wp-block-post-template-is-layout-grid\"><li class=\"wp-block-post post-3478 jobs type-jobs status-publish hentry\">\n<h4 style=\"font-style:normal;font-weight:700;text-decoration:none;text-transform:uppercase; padding-left:var(--wp--preset--spacing--30);\" class=\"has-link-color job-expertise-comptable-et-fiscalite wp-elements-b8b8a3d4125ba77fcdab3c75463af293 wp-block-post-title has-text-color has-primary-color-color has-large-font-size wp-elements-81a26197d0847cbc54b5a2b6f4251982\"><a href=\"https:\/\/www.becouze-talents.com\/en\/jobs\/accounting-taxation\" target=\"_self\" >Chartered accounting and tax<\/a><\/h4>\n<\/li><li class=\"wp-block-post post-3549 jobs type-jobs status-publish hentry\">\n<h4 style=\"font-style:normal;font-weight:700;text-decoration:none;text-transform:uppercase; padding-left:var(--wp--preset--spacing--30);\" class=\"has-link-color job-expertise-comptable-et-fiscalite wp-elements-b8b8a3d4125ba77fcdab3c75463af293 wp-block-post-title has-text-color has-primary-color-color has-large-font-size wp-elements-81a26197d0847cbc54b5a2b6f4251982\"><a href=\"https:\/\/www.becouze-talents.com\/en\/jobs\/valuation\" target=\"_self\" >Valuation<\/a><\/h4>\n<\/li><li class=\"wp-block-post post-3531 jobs type-jobs status-publish hentry\">\n<h4 style=\"font-style:normal;font-weight:700;text-decoration:none;text-transform:uppercase; padding-left:var(--wp--preset--spacing--30);\" class=\"has-link-color job-expertise-comptable-et-fiscalite wp-elements-b8b8a3d4125ba77fcdab3c75463af293 wp-block-post-title has-text-color has-primary-color-color has-large-font-size wp-elements-81a26197d0847cbc54b5a2b6f4251982\"><a href=\"https:\/\/www.becouze-talents.com\/en\/jobs\/audit-et-conformite\" target=\"_self\" >Audit and compliance<\/a><\/h4>\n<\/li><li class=\"wp-block-post post-3554 jobs type-jobs status-publish hentry\">\n<h4 style=\"font-style:normal;font-weight:700;text-decoration:none;text-transform:uppercase; padding-left:var(--wp--preset--spacing--30);\" class=\"has-link-color job-expertise-comptable-et-fiscalite wp-elements-b8b8a3d4125ba77fcdab3c75463af293 wp-block-post-title has-text-color has-primary-color-color has-large-font-size wp-elements-81a26197d0847cbc54b5a2b6f4251982\"><a href=\"https:\/\/www.becouze-talents.com\/en\/jobs\/transaction-services\" target=\"_self\" >Transaction services<\/a><\/h4>\n<\/li><li class=\"wp-block-post post-3538 jobs type-jobs status-publish hentry\">\n<h4 style=\"font-style:normal;font-weight:700;text-decoration:none;text-transform:uppercase; padding-left:var(--wp--preset--spacing--30);\" class=\"has-link-color job-expertise-comptable-et-fiscalite wp-elements-b8b8a3d4125ba77fcdab3c75463af293 wp-block-post-title has-text-color has-primary-color-color has-large-font-size wp-elements-81a26197d0847cbc54b5a2b6f4251982\"><a href=\"https:\/\/www.becouze-talents.com\/en\/jobs\/social-conseil-rh\" target=\"_self\" >Social and HR Consulting<\/a><\/h4>\n<\/li><li class=\"wp-block-post post-3558 jobs type-jobs status-publish hentry\">\n<h4 style=\"font-style:normal;font-weight:700;text-decoration:none;text-transform:uppercase; padding-left:var(--wp--preset--spacing--30);\" class=\"has-link-color job-expertise-comptable-et-fiscalite wp-elements-b8b8a3d4125ba77fcdab3c75463af293 wp-block-post-title has-text-color has-primary-color-color has-large-font-size wp-elements-81a26197d0847cbc54b5a2b6f4251982\"><a href=\"https:\/\/www.becouze-talents.com\/en\/jobs\/rse\" target=\"_self\" >CSR<\/a><\/h4>\n<\/li><li class=\"wp-block-post post-3546 jobs type-jobs status-publish hentry\">\n<h4 style=\"font-style:normal;font-weight:700;text-decoration:none;text-transform:uppercase; padding-left:var(--wp--preset--spacing--30);\" class=\"has-link-color job-expertise-comptable-et-fiscalite wp-elements-b8b8a3d4125ba77fcdab3c75463af293 wp-block-post-title has-text-color has-primary-color-color has-large-font-size wp-elements-81a26197d0847cbc54b5a2b6f4251982\"><a href=\"https:\/\/www.becouze-talents.com\/en\/jobs\/consolidation\" target=\"_self\" >Consolidation<\/a><\/h4>\n<\/li><li class=\"wp-block-post post-3561 jobs type-jobs status-publish hentry\">\n<h4 style=\"font-style:normal;font-weight:700;text-decoration:none;text-transform:uppercase; padding-left:var(--wp--preset--spacing--30);\" class=\"has-link-color job-expertise-comptable-et-fiscalite wp-elements-b8b8a3d4125ba77fcdab3c75463af293 wp-block-post-title has-text-color has-primary-color-color has-large-font-size wp-elements-81a26197d0847cbc54b5a2b6f4251982\"><a href=\"https:\/\/www.becouze-talents.com\/en\/jobs\/it-data\" target=\"_self\" >IT DATA<\/a><\/h4>\n<\/li><\/ul>\n\n\n<p><\/p>\n<\/div>\n<\/div>\n<\/div>\n<\/div>\n\n\n\n<div style=\"height:3rem\" aria-hidden=\"true\" class=\"wp-block-spacer\"><\/div>\n\n\n\n<div class=\"wp-block-group alignwide is-layout-flow wp-block-group-is-layout-flow\" id=\"layout-query-news\">\n<div class=\"wp-block-columns is-layout-flex wp-container-core-columns-is-layout-cad298ab wp-block-columns-is-layout-flex\" style=\"padding-right:var(--wp--preset--spacing--60);padding-left:var(--wp--preset--spacing--60)\">\n<div class=\"wp-block-column is-layout-flow wp-block-column-is-layout-flow\" style=\"flex-basis:55%\">\n<h2 class=\"wp-block-heading\" style=\"padding-bottom:var(--wp--preset--spacing--40);font-size:clamp(1.861rem, 1.861rem + ((1vw - 0.2rem) * 2.525), 3.25rem);font-style:normal;font-weight:700\">Case studies<\/h2>\n<\/div>\n\n\n\n<div class=\"wp-block-column is-layout-flow wp-block-column-is-layout-flow\" style=\"flex-basis:44%\">\n<div class=\"wp-block-buttons is-content-justification-right is-layout-flex wp-container-core-buttons-is-layout-f54c9ebb wp-block-buttons-is-layout-flex\" style=\"margin-top:var(--wp--preset--spacing--40)\">\n<div class=\"wp-block-button has-custom-font-size is-style-outline is-style-outline--2\" style=\"font-size:clamp(14px, 0.875rem + ((1vw - 3.2px) * 0.455), 18px);font-style:normal;font-weight:300;text-transform:uppercase\"><a class=\"wp-block-button__link has-primary-color-color has-text-color has-link-color has-text-align-right wp-element-button\" href=\"https:\/\/www.becouze-talents.com\/cas-pratiques\">all case studies<\/a><\/div>\n<\/div>\n<\/div>\n<\/div>\n\n\n\n<div class=\"wp-block-query alignwide is-layout-flow wp-block-query-is-layout-flow\"><ul class=\"columns-3 wp-block-post-template is-layout-grid wp-container-core-post-template-is-layout-10753265 wp-block-post-template-is-layout-grid\"><li class=\"wp-block-post post-3521 practical-cases type-practical-cases status-publish has-post-thumbnail hentry tax-jobs-transaction-services\">\n\n<div class=\"wp-block-cover\"><span aria-hidden=\"true\" class=\"wp-block-cover__background has-contrast-background-color has-background-dim-100 has-background-dim\"><\/span><img loading=\"lazy\" decoding=\"async\" width=\"900\" height=\"601\" src=\"https:\/\/www.becouze-talents.com\/wp-content\/uploads\/2025\/01\/Cas-pratique-TS-agroalimentaire.jpg\" class=\"wp-block-cover__image-background wp-post-image\" alt=\"\" data-object-fit=\"cover\" srcset=\"https:\/\/www.becouze-talents.com\/wp-content\/uploads\/2025\/01\/Cas-pratique-TS-agroalimentaire.jpg 900w, https:\/\/www.becouze-talents.com\/wp-content\/uploads\/2025\/01\/Cas-pratique-TS-agroalimentaire-300x200.jpg 300w, https:\/\/www.becouze-talents.com\/wp-content\/uploads\/2025\/01\/Cas-pratique-TS-agroalimentaire-768x513.jpg 768w\" sizes=\"auto, (max-width: 900px) 100vw, 900px\" \/><div class=\"wp-block-cover__inner-container is-layout-flow wp-block-cover-is-layout-flow\">\n\n<h3 style=\"font-style:normal;font-weight:600;\" class=\"card-title wp-block-post-title\"><a href=\"https:\/\/www.becouze-talents.com\/en\/case-studies\/operation-de-build-up-par-lacquisition-dun-groupe-agroalimentaire\" target=\"_self\" >BUILD-UP OPERATION INVOLVING THE ACQUISITION OF AN AGRI-FOOD GROUP<\/a><\/h3>\n\n\n<div style=\"height:0\" aria-hidden=\"true\" class=\"wp-block-spacer\"><\/div>\n<\/div><\/div>\n\n<\/li><li class=\"wp-block-post post-3512 practical-cases type-practical-cases status-publish has-post-thumbnail hentry tax-jobs-consolidation-en\">\n\n<div class=\"wp-block-cover\"><span aria-hidden=\"true\" class=\"wp-block-cover__background has-contrast-background-color has-background-dim-100 has-background-dim\"><\/span><img loading=\"lazy\" decoding=\"async\" width=\"1100\" height=\"733\" src=\"https:\/\/www.becouze-talents.com\/wp-content\/uploads\/2024\/12\/Cas-pratique-Outil-Consolidation.jpg\" class=\"wp-block-cover__image-background wp-post-image\" alt=\"\" data-object-fit=\"cover\" srcset=\"https:\/\/www.becouze-talents.com\/wp-content\/uploads\/2024\/12\/Cas-pratique-Outil-Consolidation.jpg 1100w, https:\/\/www.becouze-talents.com\/wp-content\/uploads\/2024\/12\/Cas-pratique-Outil-Consolidation-300x200.jpg 300w, https:\/\/www.becouze-talents.com\/wp-content\/uploads\/2024\/12\/Cas-pratique-Outil-Consolidation-1024x682.jpg 1024w, https:\/\/www.becouze-talents.com\/wp-content\/uploads\/2024\/12\/Cas-pratique-Outil-Consolidation-768x512.jpg 768w\" sizes=\"auto, (max-width: 1100px) 100vw, 1100px\" \/><div class=\"wp-block-cover__inner-container is-layout-flow wp-block-cover-is-layout-flow\">\n\n<h3 style=\"font-style:normal;font-weight:600;\" class=\"card-title wp-block-post-title\"><a href=\"https:\/\/www.becouze-talents.com\/en\/case-studies\/implementation-solution-de-consolidation-ifrs-us-gaap\" target=\"_self\" >IMPLEMENTATION OF A UNIFIED IFRS\/US GAAP CONSOLIDATION\/REPORTING SOLUTION<\/a><\/h3>\n\n\n<div style=\"height:0\" aria-hidden=\"true\" class=\"wp-block-spacer\"><\/div>\n<\/div><\/div>\n\n<\/li><li class=\"wp-block-post post-3506 practical-cases type-practical-cases status-publish has-post-thumbnail hentry tax-jobs-consolidation tax-jobs-valuation\">\n\n<div class=\"wp-block-cover\"><span aria-hidden=\"true\" class=\"wp-block-cover__background has-contrast-background-color has-background-dim-100 has-background-dim\"><\/span><img loading=\"lazy\" decoding=\"async\" width=\"1100\" height=\"714\" src=\"https:\/\/www.becouze-talents.com\/wp-content\/uploads\/2024\/12\/Cas-pratique-Evaluation-entreprise-familiale.jpg\" class=\"wp-block-cover__image-background wp-post-image\" alt=\"\" data-object-fit=\"cover\" srcset=\"https:\/\/www.becouze-talents.com\/wp-content\/uploads\/2024\/12\/Cas-pratique-Evaluation-entreprise-familiale.jpg 1100w, https:\/\/www.becouze-talents.com\/wp-content\/uploads\/2024\/12\/Cas-pratique-Evaluation-entreprise-familiale-300x195.jpg 300w, https:\/\/www.becouze-talents.com\/wp-content\/uploads\/2024\/12\/Cas-pratique-Evaluation-entreprise-familiale-1024x665.jpg 1024w, https:\/\/www.becouze-talents.com\/wp-content\/uploads\/2024\/12\/Cas-pratique-Evaluation-entreprise-familiale-768x499.jpg 768w\" sizes=\"auto, (max-width: 1100px) 100vw, 1100px\" \/><div class=\"wp-block-cover__inner-container is-layout-flow wp-block-cover-is-layout-flow\">\n\n<h3 style=\"font-style:normal;font-weight:600;\" class=\"card-title wp-block-post-title\"><a href=\"https:\/\/www.becouze-talents.com\/en\/case-studies\/evaluation-dune-entreprise-familiale-de-biens-dequipement\" target=\"_self\" >VALUATION OF A FAMILY-OWNED CAPITAL GOODS BUSINESS<\/a><\/h3>\n\n\n<div style=\"height:0\" aria-hidden=\"true\" class=\"wp-block-spacer\"><\/div>\n<\/div><\/div>\n\n<\/li><\/ul><\/div>\n<\/div>\n\n\n<p><!-- \/wp:post-content --><\/p>\n<p><!-- wp:paragraph --><\/p>\n<p><!-- \/wp:paragraph --><\/p>\n<p><!-- wp:paragraph --><\/p>\n<p><!-- \/wp:paragraph --><\/p>","protected":false},"excerpt":{"rendered":"<p>Business expertise Case studies<\/p>\n","protected":false},"author":1,"featured_media":0,"parent":0,"menu_order":0,"comment_status":"closed","ping_status":"closed","template":"","meta":{"_acf_changed":false,"footnotes":""},"class_list":["post-3500","page","type-page","status-publish","hentry"],"acf":[],"yoast_head":"<!-- This site is optimized with the Yoast SEO plugin v27.4 - https:\/\/yoast.com\/product\/yoast-seo-wordpress\/ -->\n<title>Business expertise - BCZ<\/title>\n<meta name=\"robots\" content=\"index, follow, max-snippet:-1, max-image-preview:large, max-video-preview:-1\" \/>\n<link rel=\"canonical\" href=\"https:\/\/www.becouze-talents.com\/en\/metiers\" \/>\n<meta property=\"og:locale\" content=\"en_US\" \/>\n<meta property=\"og:type\" content=\"article\" \/>\n<meta property=\"og:title\" content=\"Business expertise - BCZ\" \/>\n<meta property=\"og:description\" content=\"Business expertise Case studies\" \/>\n<meta property=\"og:url\" content=\"https:\/\/www.becouze-talents.com\/en\/metiers\" \/>\n<meta property=\"og:site_name\" content=\"BCZ\" \/>\n<meta property=\"article:modified_time\" content=\"2025-03-26T11:26:55+00:00\" \/>\n<meta property=\"og:image\" content=\"https:\/\/www.becouze-talents.com\/wp-content\/uploads\/2025\/02\/Metiers-Bandeau.jpg\" \/>\n\t<meta property=\"og:image:width\" content=\"1500\" \/>\n\t<meta property=\"og:image:height\" content=\"475\" \/>\n\t<meta property=\"og:image:type\" content=\"image\/jpeg\" \/>\n<meta name=\"twitter:card\" content=\"summary_large_image\" \/>\n<meta name=\"twitter:label1\" content=\"Est. reading time\" \/>\n\t<meta name=\"twitter:data1\" content=\"1 minute\" \/>\n<script type=\"application\/ld+json\" class=\"yoast-schema-graph\">{\"@context\":\"https:\\\/\\\/schema.org\",\"@graph\":[{\"@type\":\"WebPage\",\"@id\":\"https:\\\/\\\/www.becouze-talents.com\\\/en\\\/metiers\",\"url\":\"https:\\\/\\\/www.becouze-talents.com\\\/en\\\/metiers\",\"name\":\"Business expertise - BCZ\",\"isPartOf\":{\"@id\":\"https:\\\/\\\/www.becouze-talents.com\\\/en#website\"},\"primaryImageOfPage\":{\"@id\":\"https:\\\/\\\/www.becouze-talents.com\\\/en\\\/metiers#primaryimage\"},\"image\":{\"@id\":\"https:\\\/\\\/www.becouze-talents.com\\\/en\\\/metiers#primaryimage\"},\"thumbnailUrl\":\"https:\\\/\\\/www.becouze-talents.com\\\/wp-content\\\/uploads\\\/2025\\\/02\\\/Metiers-Bandeau.jpg\",\"datePublished\":\"2024-11-06T21:00:37+00:00\",\"dateModified\":\"2025-03-26T11:26:55+00:00\",\"breadcrumb\":{\"@id\":\"https:\\\/\\\/www.becouze-talents.com\\\/en\\\/metiers#breadcrumb\"},\"inLanguage\":\"en-US\",\"potentialAction\":[{\"@type\":\"ReadAction\",\"target\":[\"https:\\\/\\\/www.becouze-talents.com\\\/en\\\/metiers\"]}]},{\"@type\":\"ImageObject\",\"inLanguage\":\"en-US\",\"@id\":\"https:\\\/\\\/www.becouze-talents.com\\\/en\\\/metiers#primaryimage\",\"url\":\"https:\\\/\\\/www.becouze-talents.com\\\/wp-content\\\/uploads\\\/2025\\\/02\\\/Metiers-Bandeau.jpg\",\"contentUrl\":\"https:\\\/\\\/www.becouze-talents.com\\\/wp-content\\\/uploads\\\/2025\\\/02\\\/Metiers-Bandeau.jpg\"},{\"@type\":\"BreadcrumbList\",\"@id\":\"https:\\\/\\\/www.becouze-talents.com\\\/en\\\/metiers#breadcrumb\",\"itemListElement\":[{\"@type\":\"ListItem\",\"position\":1,\"name\":\"Becouze\",\"item\":\"https:\\\/\\\/www.becouze-talents.com\\\/en\"},{\"@type\":\"ListItem\",\"position\":2,\"name\":\"Business expertise\"}]},{\"@type\":\"WebSite\",\"@id\":\"https:\\\/\\\/www.becouze-talents.com\\\/en#website\",\"url\":\"https:\\\/\\\/www.becouze-talents.com\\\/en\",\"name\":\"BCZ\",\"description\":\"BCZ, soci\u00e9t\u00e9 ind\u00e9pendante d&#039;expertise, d&#039;audit et de conseil.\",\"publisher\":{\"@id\":\"https:\\\/\\\/www.becouze-talents.com\\\/en#organization\"},\"potentialAction\":[{\"@type\":\"SearchAction\",\"target\":{\"@type\":\"EntryPoint\",\"urlTemplate\":\"https:\\\/\\\/www.becouze-talents.com\\\/en?s={search_term_string}\"},\"query-input\":{\"@type\":\"PropertyValueSpecification\",\"valueRequired\":true,\"valueName\":\"search_term_string\"}}],\"inLanguage\":\"en-US\"},{\"@type\":\"Organization\",\"@id\":\"https:\\\/\\\/www.becouze-talents.com\\\/en#organization\",\"name\":\"BCZ\",\"url\":\"https:\\\/\\\/www.becouze-talents.com\\\/en\",\"logo\":{\"@type\":\"ImageObject\",\"inLanguage\":\"en-US\",\"@id\":\"https:\\\/\\\/www.becouze-talents.com\\\/en#\\\/schema\\\/logo\\\/image\\\/\",\"url\":\"https:\\\/\\\/www.becouze-talents.com\\\/wp-content\\\/uploads\\\/2024\\\/10\\\/Logo_Global_avec_baseline.svg\",\"contentUrl\":\"https:\\\/\\\/www.becouze-talents.com\\\/wp-content\\\/uploads\\\/2024\\\/10\\\/Logo_Global_avec_baseline.svg\",\"caption\":\"BCZ\"},\"image\":{\"@id\":\"https:\\\/\\\/www.becouze-talents.com\\\/en#\\\/schema\\\/logo\\\/image\\\/\"}}]}<\/script>\n<!-- \/ Yoast SEO plugin. -->","yoast_head_json":{"title":"Business expertise - BCZ","robots":{"index":"index","follow":"follow","max-snippet":"max-snippet:-1","max-image-preview":"max-image-preview:large","max-video-preview":"max-video-preview:-1"},"canonical":"https:\/\/www.becouze-talents.com\/en\/metiers","og_locale":"en_US","og_type":"article","og_title":"Business expertise - BCZ","og_description":"Business expertise Case studies","og_url":"https:\/\/www.becouze-talents.com\/en\/metiers","og_site_name":"BCZ","article_modified_time":"2025-03-26T11:26:55+00:00","og_image":[{"width":1500,"height":475,"url":"https:\/\/www.becouze-talents.com\/wp-content\/uploads\/2025\/02\/Metiers-Bandeau.jpg","type":"image\/jpeg"}],"twitter_card":"summary_large_image","twitter_misc":{"Est. reading time":"1 minute"},"schema":{"@context":"https:\/\/schema.org","@graph":[{"@type":"WebPage","@id":"https:\/\/www.becouze-talents.com\/en\/metiers","url":"https:\/\/www.becouze-talents.com\/en\/metiers","name":"Business expertise - BCZ","isPartOf":{"@id":"https:\/\/www.becouze-talents.com\/en#website"},"primaryImageOfPage":{"@id":"https:\/\/www.becouze-talents.com\/en\/metiers#primaryimage"},"image":{"@id":"https:\/\/www.becouze-talents.com\/en\/metiers#primaryimage"},"thumbnailUrl":"https:\/\/www.becouze-talents.com\/wp-content\/uploads\/2025\/02\/Metiers-Bandeau.jpg","datePublished":"2024-11-06T21:00:37+00:00","dateModified":"2025-03-26T11:26:55+00:00","breadcrumb":{"@id":"https:\/\/www.becouze-talents.com\/en\/metiers#breadcrumb"},"inLanguage":"en-US","potentialAction":[{"@type":"ReadAction","target":["https:\/\/www.becouze-talents.com\/en\/metiers"]}]},{"@type":"ImageObject","inLanguage":"en-US","@id":"https:\/\/www.becouze-talents.com\/en\/metiers#primaryimage","url":"https:\/\/www.becouze-talents.com\/wp-content\/uploads\/2025\/02\/Metiers-Bandeau.jpg","contentUrl":"https:\/\/www.becouze-talents.com\/wp-content\/uploads\/2025\/02\/Metiers-Bandeau.jpg"},{"@type":"BreadcrumbList","@id":"https:\/\/www.becouze-talents.com\/en\/metiers#breadcrumb","itemListElement":[{"@type":"ListItem","position":1,"name":"Becouze","item":"https:\/\/www.becouze-talents.com\/en"},{"@type":"ListItem","position":2,"name":"Business expertise"}]},{"@type":"WebSite","@id":"https:\/\/www.becouze-talents.com\/en#website","url":"https:\/\/www.becouze-talents.com\/en","name":"BCZ","description":"BCZ, soci\u00e9t\u00e9 ind\u00e9pendante d&#039;expertise, d&#039;audit et de conseil.","publisher":{"@id":"https:\/\/www.becouze-talents.com\/en#organization"},"potentialAction":[{"@type":"SearchAction","target":{"@type":"EntryPoint","urlTemplate":"https:\/\/www.becouze-talents.com\/en?s={search_term_string}"},"query-input":{"@type":"PropertyValueSpecification","valueRequired":true,"valueName":"search_term_string"}}],"inLanguage":"en-US"},{"@type":"Organization","@id":"https:\/\/www.becouze-talents.com\/en#organization","name":"BCZ","url":"https:\/\/www.becouze-talents.com\/en","logo":{"@type":"ImageObject","inLanguage":"en-US","@id":"https:\/\/www.becouze-talents.com\/en#\/schema\/logo\/image\/","url":"https:\/\/www.becouze-talents.com\/wp-content\/uploads\/2024\/10\/Logo_Global_avec_baseline.svg","contentUrl":"https:\/\/www.becouze-talents.com\/wp-content\/uploads\/2024\/10\/Logo_Global_avec_baseline.svg","caption":"BCZ"},"image":{"@id":"https:\/\/www.becouze-talents.com\/en#\/schema\/logo\/image\/"}}]}},"_links":{"self":[{"href":"https:\/\/www.becouze-talents.com\/en\/wp-json\/wp\/v2\/pages\/3500","targetHints":{"allow":["GET"]}}],"collection":[{"href":"https:\/\/www.becouze-talents.com\/en\/wp-json\/wp\/v2\/pages"}],"about":[{"href":"https:\/\/www.becouze-talents.com\/en\/wp-json\/wp\/v2\/types\/page"}],"author":[{"embeddable":true,"href":"https:\/\/www.becouze-talents.com\/en\/wp-json\/wp\/v2\/users\/1"}],"replies":[{"embeddable":true,"href":"https:\/\/www.becouze-talents.com\/en\/wp-json\/wp\/v2\/comments?post=3500"}],"version-history":[{"count":2,"href":"https:\/\/www.becouze-talents.com\/en\/wp-json\/wp\/v2\/pages\/3500\/revisions"}],"predecessor-version":[{"id":3564,"href":"https:\/\/www.becouze-talents.com\/en\/wp-json\/wp\/v2\/pages\/3500\/revisions\/3564"}],"wp:attachment":[{"href":"https:\/\/www.becouze-talents.com\/en\/wp-json\/wp\/v2\/media?parent=3500"}],"curies":[{"name":"wp","href":"https:\/\/api.w.org\/{rel}","templated":true}]}}