{"id":3574,"date":"2024-07-16T11:18:13","date_gmt":"2024-07-16T09:18:13","guid":{"rendered":"https:\/\/www.becouze-talents.com\/vous-accompagner"},"modified":"2025-04-03T09:50:31","modified_gmt":"2025-04-03T07:50:31","slug":"supporting-you","status":"publish","type":"page","link":"https:\/\/www.becouze-talents.com\/en\/supporting-you","title":{"rendered":"Supporting you"},"content":{"rendered":"\n<div class=\"wp-block-group is-layout-flow wp-block-group-is-layout-flow\">\n<h1 class=\"wp-block-heading has-primary-color-color has-text-color has-link-color wp-elements-f31f4f88d882c57c7fd22686fd443006\" style=\"text-transform:uppercase\">SUPPORTING YOUR PROFESSIONAL DEVELOPMENT<\/h1>\n<\/div>\n\n\n\n<div style=\"height:1rem\" aria-hidden=\"true\" class=\"wp-block-spacer\"><\/div>\n\n\n\n<div class=\"wp-block-group alignwide block-image-heading-behind-with-subtitle is-layout-flow wp-block-group-is-layout-flow\">\n<figure class=\"wp-block-image alignfull size-large\"><img loading=\"lazy\" decoding=\"async\" width=\"1024\" height=\"324\" src=\"https:\/\/www.becouze-talents.com\/wp-content\/uploads\/2024\/11\/RH-BCZ-Inside-1.-Bandeau-2-1024x324.jpg\" alt=\"\" class=\"wp-image-2386\" srcset=\"https:\/\/www.becouze-talents.com\/wp-content\/uploads\/2024\/11\/RH-BCZ-Inside-1.-Bandeau-2-1024x324.jpg 1024w, https:\/\/www.becouze-talents.com\/wp-content\/uploads\/2024\/11\/RH-BCZ-Inside-1.-Bandeau-2-300x95.jpg 300w, https:\/\/www.becouze-talents.com\/wp-content\/uploads\/2024\/11\/RH-BCZ-Inside-1.-Bandeau-2-768x243.jpg 768w, https:\/\/www.becouze-talents.com\/wp-content\/uploads\/2024\/11\/RH-BCZ-Inside-1.-Bandeau-2-1536x486.jpg 1536w, https:\/\/www.becouze-talents.com\/wp-content\/uploads\/2024\/11\/RH-BCZ-Inside-1.-Bandeau-2.jpg 1800w\" sizes=\"auto, (max-width: 1024px) 100vw, 1024px\" \/><\/figure>\n\n\n\n<div style=\"height:2rem\" aria-hidden=\"true\" class=\"wp-block-spacer\"><\/div>\n<\/div>\n\n\n\n<div class=\"wp-block-columns is-layout-flex wp-container-core-columns-is-layout-28f84493 wp-block-columns-is-layout-flex\">\n<div class=\"wp-block-column is-layout-flow wp-container-core-column-is-layout-119bc444 wp-block-column-is-layout-flow\">\n<h2 class=\"wp-block-heading\" style=\"font-size:clamp(0.984rem, 0.984rem + ((1vw - 0.2rem) * 0.938), 1.5rem);font-style:normal;font-weight:700;line-height:1.3\">BECOUZE takes care of its employees&#8217; professional development.<\/h2>\n<\/div>\n\n\n\n<div class=\"wp-block-column is-layout-flow wp-block-column-is-layout-flow\" style=\"padding-right:var(--wp--preset--spacing--50);padding-left:var(--wp--preset--spacing--50)\">\n<p>Whether you&#8217;re a student, recent graduate or experienced professional, you&#8217;ll benefit from tailor-made support to help you develop at your own pace within the company, according to your aspirations, plans and skills.<\/p>\n<\/div>\n\n\n\n<div class=\"wp-block-column is-layout-flow wp-block-column-is-layout-flow\" style=\"padding-right:var(--wp--preset--spacing--50);padding-left:var(--wp--preset--spacing--50)\">\n<p>All our employees are encouraged to continue their training throughout their careers, whether it&#8217;s taking the chartered accounting diploma (DEC) or acquiring new technical skills. The changing nature of the finance and advisory professions means that everyone has new challenges to meet.<\/p>\n<\/div>\n<\/div>\n\n\n\n<div style=\"height:3rem\" aria-hidden=\"true\" class=\"wp-block-spacer\"><\/div>\n\n\n\n<div class=\"wp-block-create-block-atalanta-timeline\">\n<h2 class=\"wp-block-heading has-text-align-center\" style=\"font-size:clamp(1.648rem, 1.648rem + ((1vw - 0.2rem) * 2.095), 2.8rem);font-style:normal;font-weight:700\">Your Journey<\/h2>\n\n\n\n<div class=\"wp-block-group is-layout-flow wp-block-group-is-layout-flow\">\n<h3 class=\"wp-block-heading\"><strong><strong>Associate in training<\/strong><\/strong><\/h3>\n\n\n\n<p>Like a junior member of staff, an employee in training (apprentice, trainee, work-study student) will take part in various assignments in order to gain experience and acclimatise to the BCZ environment. Junior members are never on their own; they are part of a team and their work is systematically supervised to help them progress.<\/p>\n<\/div>\n\n\n\n<div class=\"wp-block-group is-layout-flow wp-block-group-is-layout-flow\">\n<h3 class=\"wp-block-heading\"><strong><strong>Associate<\/strong><\/strong><\/h3>\n\n\n\n<p>Freshly qualified employee quickly becomes involved with clients, enabling them to apply and develop their skills. Team emulation, systematic reviews of work and training programmes all contribute to the personal development of each.<\/p>\n<\/div>\n\n\n\n<div class=\"wp-block-group is-layout-flow wp-block-group-is-layout-flow\">\n<h3 class=\"wp-block-heading\"><strong><strong>Senior associate<\/strong><\/strong><\/h3>\n\n\n\n<p>Senior associate is autonomous within the scope of their work. Reporting to the project manager or head of mission, they take part in the organisation, management and monitoring of assignments. Their rigour and commitment should enable them to progress rapidly to a management position.<\/p>\n<\/div>\n\n\n\n<div class=\"wp-block-group is-layout-flow wp-block-group-is-layout-flow\">\n<h3 class=\"wp-block-heading\"><strong><strong>Project manager<\/strong><\/strong><\/h3>\n\n\n\n<p>The project manager is responsible for supporting a number of clients. Their role includes helping to ensure that files are properly managed, leading a small team and delegating a number of tasks. Their experience and technical training will enable them to work autonomously on cases that are suited to their experience and to gradually develop management skills.<\/p>\n<\/div>\n\n\n\n<div class=\"wp-block-group is-layout-flow wp-block-group-is-layout-flow\">\n<h3 class=\"wp-block-heading\"><strong><strong>Head of mission<\/strong><\/strong><\/h3>\n\n\n\n<p>The head of mission has a stronger managerial and administrative role than the project manager. They represent Becouze in dealings with clients. They work both upstream and downstream on projects, ensuring their technical quality and helping to train the teams.<\/p>\n<\/div>\n\n\n\n<div class=\"wp-block-group is-layout-flow wp-block-group-is-layout-flow\">\n<h3 class=\"wp-block-heading\"><strong>Manager<\/strong><\/h3>\n\n\n\n<p>The manager is an experienced executive. They make proposals and act as a relay for the partners. In addition to their technical involvement in client assignments, they implement Becouze&#8217;s strategy and contribute to the development of the teams.<\/p>\n<\/div>\n\n\n\n<div class=\"wp-block-group is-layout-flow wp-block-group-is-layout-flow\">\n<h3 class=\"wp-block-heading\"><strong>Partner<\/strong><\/h3>\n\n\n\n<p>Becouze is first and foremost a service company run by a team of entrepreneurial partners who are committed to the development of their staff and the quality of their services. Always close to the day-to-day concerns of our clients, they work closely with all our teams.<\/p>\n<\/div>\n<\/div>\n\n\n\n<div style=\"height:1rem\" aria-hidden=\"true\" class=\"wp-block-spacer\"><\/div>\n\n\n\n<div class=\"wp-block-columns group-btn-timeline is-layout-flex wp-container-core-columns-is-layout-28f84493 wp-block-columns-is-layout-flex\">\n<div class=\"wp-block-column is-layout-flow wp-block-column-is-layout-flow\">\n<div class=\"wp-block-buttons is-content-justification-center is-layout-flex wp-container-core-buttons-is-layout-a89b3969 wp-block-buttons-is-layout-flex\">\n<div class=\"wp-block-button has-custom-font-size is-style-outline is-style-outline--1\" style=\"font-size:clamp(14px, 0.875rem + ((1vw - 3.2px) * 0.455), 18px);font-style:normal;font-weight:700;text-transform:uppercase\"><a class=\"wp-block-button__link has-primary-color-color has-text-color has-link-color wp-element-button\" href=\"https:\/\/careers.werecruit.io\/fr\/crowe-becouze\/offres\/candidature-spontanee-c16f35\" target=\"_blank\" rel=\"noreferrer noopener\">Spontaneous application<\/a><\/div>\n<\/div>\n<\/div>\n\n\n\n<div class=\"wp-block-column is-layout-flow wp-block-column-is-layout-flow\">\n<div class=\"wp-block-buttons is-content-justification-center is-layout-flex wp-container-core-buttons-is-layout-a89b3969 wp-block-buttons-is-layout-flex\">\n<div class=\"wp-block-button has-custom-font-size is-style-outline is-style-outline--2\" style=\"font-size:clamp(14px, 0.875rem + ((1vw - 3.2px) * 0.455), 18px);font-style:normal;font-weight:700;text-transform:uppercase\"><a class=\"wp-block-button__link has-primary-color-color has-text-color has-link-color wp-element-button\" href=\"https:\/\/careers.werecruit.io\/fr\/crowe-becouze#block-c59f964b-402b-41d3-9784-d03452799036\" target=\"_blank\" rel=\"noreferrer noopener\">Our job offers<\/a><\/div>\n<\/div>\n<\/div>\n<\/div>\n\n\n\n<div style=\"height:2rem\" aria-hidden=\"true\" class=\"wp-block-spacer\"><\/div>\n\n\n\n<div class=\"wp-block-group alignfull block-our-support has-background is-layout-flow wp-block-group-is-layout-flow\" style=\"background-color:#e6e6e659;padding-top:5rem;padding-bottom:5rem\">\n<div class=\"wp-block-columns is-layout-flex wp-container-core-columns-is-layout-28f84493 wp-block-columns-is-layout-flex\">\n<div class=\"wp-block-column is-layout-flow wp-block-column-is-layout-flow\" style=\"flex-basis:75%\">\n<h2 class=\"wp-block-heading\" style=\"padding-right:0;padding-left:0;font-size:clamp(1.648rem, 1.648rem + ((1vw - 0.2rem) * 2.095), 2.8rem);font-style:normal;font-weight:700\">OUR SUPPORT<\/h2>\n\n\n\n<div style=\"height:1px\" aria-hidden=\"true\" class=\"wp-block-spacer\"><\/div>\n\n\n\n<div class=\"wp-block-columns is-layout-flex wp-container-core-columns-is-layout-28f84493 wp-block-columns-is-layout-flex\">\n<div class=\"wp-block-column is-layout-flow wp-block-column-is-layout-flow\">\n<div class=\"wp-block-group is-layout-constrained wp-block-group-is-layout-constrained\">\n<h3 class=\"wp-block-heading\" style=\"font-style:normal;font-weight:700\">WELCOME SEMINAR<\/h3>\n\n\n\n<p>New employees are given a full induction week (in September or January, depending on the date of hire). On the agenda: technical training, general information points and privileged exchanges between colleagues.<\/p>\n<\/div>\n\n\n\n<div class=\"wp-block-group is-layout-constrained wp-block-group-is-layout-constrained\">\n<h3 class=\"wp-block-heading\" style=\"font-style:normal;font-weight:700\">TUTORING\/MENTORING<\/h3>\n\n\n\n<p>Each new member of staff benefits from the support of a tutor or mentor, to help them get their bearings in the firm&#8217;s organisation.<\/p>\n<\/div>\n\n\n\n<div class=\"wp-block-group is-layout-constrained wp-block-group-is-layout-constrained\">\n<h3 class=\"wp-block-heading\" style=\"font-style:normal;font-weight:700\">TAILOR-MADE TRAINING<\/h3>\n\n\n\n<p>All our teams benefit from a training programme tailored to developing their technical and managerial skills: external training to keep pace with the rapid changes in our business lines, internal training to share experience and knowledge of practices, managerial training to support supervisors, etc.<\/p>\n<\/div>\n<\/div>\n\n\n\n<div class=\"wp-block-column is-layout-flow wp-block-column-is-layout-flow\">\n<div class=\"wp-block-group is-layout-constrained wp-block-group-is-layout-constrained\">\n<h3 class=\"wp-block-heading\" style=\"font-style:normal;font-weight:700\">INTERVIEWS<\/h3>\n\n\n\n<p>Throughout the year, a number of formal interviews are held to encourage discussion with managers: annual appraisal interview, mid-year appraisal interview, professional appraisal interview, pay interview, etc.<\/p>\n<\/div>\n\n\n\n<div class=\"wp-block-group is-layout-constrained wp-block-group-is-layout-constrained\">\n<h3 class=\"wp-block-heading\" style=\"font-style:normal;font-weight:700\">MONTHLY PLENARY MEETING<\/h3>\n\n\n\n<p>A key moment in the BCZ team spirit, the monthly plenary meeting is an opportunity to share company news with all the teams, present new clients and start the month in a friendly atmosphere.<\/p>\n<\/div>\n\n\n\n<div class=\"wp-block-group is-layout-constrained wp-block-group-is-layout-constrained\">\n<h3 class=\"wp-block-heading\" style=\"font-style:normal;font-weight:700\">HIGHLIGHTS<\/h3>\n\n\n\n<p>Afterwork parties, sports events, team building, Christmas parties&#8230; Every event is an excellent opportunity to meet up and share a good time.<\/p>\n<\/div>\n<\/div>\n<\/div>\n<\/div>\n\n\n\n<div class=\"wp-block-column is-layout-flow wp-block-column-is-layout-flow\" style=\"flex-basis:35%\">\n<figure class=\"wp-block-image alignfull size-full img-height-100\"><img loading=\"lazy\" decoding=\"async\" width=\"506\" height=\"900\" src=\"https:\/\/www.becouze-talents.com\/wp-content\/uploads\/2024\/12\/RH-Vous-accompagner-2.-Accompagnement-4.jpg\" alt=\"\" class=\"wp-image-2668\" srcset=\"https:\/\/www.becouze-talents.com\/wp-content\/uploads\/2024\/12\/RH-Vous-accompagner-2.-Accompagnement-4.jpg 506w, https:\/\/www.becouze-talents.com\/wp-content\/uploads\/2024\/12\/RH-Vous-accompagner-2.-Accompagnement-4-169x300.jpg 169w\" sizes=\"auto, (max-width: 506px) 100vw, 506px\" \/><\/figure>\n<\/div>\n<\/div>\n<\/div>\n\n\n\n<div style=\"height:4rem\" aria-hidden=\"true\" class=\"wp-block-spacer\"><\/div>\n\n\n\n<div class=\"wp-block-create-block-atalanta-block-theme-02\">\n<div class=\"wp-block-columns is-layout-flex wp-container-core-columns-is-layout-28f84493 wp-block-columns-is-layout-flex\">\n<div class=\"wp-block-column has-secondary-color-background-color has-background is-layout-flow wp-block-column-is-layout-flow\" style=\"flex-basis:50%\">\n<p class=\"has-gray-color-color has-text-color has-link-color wp-elements-eceb8a07eb0a9a45eb6a08d08a780e6f\" style=\"margin-bottom:var(--wp--preset--spacing--40);font-size:clamp(1.743rem, 1.743rem + ((1vw - 0.2rem) * 2.285), 3rem);font-style:normal;font-weight:700;line-height:1;text-transform:uppercase\"><strong>EXPERIENCE THE BECOUZE ADVENTURE!<\/strong><\/p>\n\n\n\n<p class=\"has-white-color has-text-color has-link-color wp-elements-825f365516c9d8f97aa3e627d83319f1\">The evolution of finance, social and consultancy professions calls for us to constantly strengthen our team with new skills.<br>What if you were our next talent?<\/p>\n\n\n\n<div class=\"wp-block-buttons block-buttons-with-arrow is-layout-flex wp-block-buttons-is-layout-flex\">\n<div class=\"wp-block-button\" style=\"font-style:normal;font-weight:600\"><a class=\"wp-block-button__link wp-element-button\" href=\"https:\/\/careers.werecruit.io\/fr\/crowe-becouze#block-c59f964b-402b-41d3-9784-d03452799036\" target=\"_blank\" rel=\"noreferrer noopener\">our job offers<\/a><\/div>\n\n\n\n<div class=\"wp-block-button\" style=\"font-style:normal;font-weight:600\"><a class=\"wp-block-button__link wp-element-button\" href=\"https:\/\/careers.werecruit.io\/fr\/crowe-becouze\/offres\/candidature-spontanee-c16f35\">spontaneous application<\/a><\/div>\n<\/div>\n\n\n\n<div class=\"wp-block-buttons is-layout-flex wp-block-buttons-is-layout-flex\">\n<div class=\"wp-block-button btn-bcz\"><a class=\"wp-block-button__link wp-element-button\" href=\"https:\/\/www.becouze-talents.com\/en\/bcz-inside\">your career at bECOUZE<\/a><\/div>\n<\/div>\n<\/div>\n\n\n\n<div class=\"wp-block-column is-layout-flow wp-block-column-is-layout-flow\" style=\"flex-basis:50%\">\n<div class=\"wp-block-cover alignfull\"><span aria-hidden=\"true\" class=\"wp-block-cover__background has-background-dim-10 has-background-dim\" style=\"background-color:#786f77\"><\/span><img loading=\"lazy\" decoding=\"async\" width=\"534\" height=\"535\" class=\"wp-block-cover__image-background wp-image-2378\" alt=\"\" src=\"https:\/\/www.becouze-talents.com\/wp-content\/uploads\/2024\/11\/Capture-Marine.jpg\" data-object-fit=\"cover\" srcset=\"https:\/\/www.becouze-talents.com\/wp-content\/uploads\/2024\/11\/Capture-Marine.jpg 534w, https:\/\/www.becouze-talents.com\/wp-content\/uploads\/2024\/11\/Capture-Marine-300x300.jpg 300w, https:\/\/www.becouze-talents.com\/wp-content\/uploads\/2024\/11\/Capture-Marine-150x150.jpg 150w, https:\/\/www.becouze-talents.com\/wp-content\/uploads\/2024\/11\/Capture-Marine-200x200.jpg 200w, https:\/\/www.becouze-talents.com\/wp-content\/uploads\/2024\/11\/Capture-Marine-285x285.jpg 285w, https:\/\/www.becouze-talents.com\/wp-content\/uploads\/2024\/11\/Capture-Marine-570x570.jpg 570w\" sizes=\"auto, (max-width: 534px) 100vw, 534px\" \/><div class=\"wp-block-cover__inner-container is-layout-flow wp-block-cover-is-layout-flow\">\n<div class=\"wp-block-buttons is-content-justification-center is-layout-flex wp-container-core-buttons-is-layout-a89b3969 wp-block-buttons-is-layout-flex\">\n<div class=\"wp-block-button is-style-outline is-style-outline--3\" id=\"btn-show-modal\" style=\"text-transform:uppercase\"><a class=\"wp-block-button__link wp-element-button\" href=\"https:\/\/youtu.be\/gGHOWQFYLj0?si=6ryoNMstWfuzBJIV\" target=\"_blank\" rel=\"noreferrer noopener\">Listen to<br>marine&#8217;s experience <br><\/a><\/div>\n<\/div>\n<\/div><\/div>\n<\/div>\n<\/div>\n<\/div>\n\n\n\n<div style=\"height:3rem\" aria-hidden=\"true\" class=\"wp-block-spacer\"><\/div>\n","protected":false},"excerpt":{"rendered":"<p>SUPPORTING YOUR PROFESSIONAL DEVELOPMENT BECOUZE takes care of its employees&#8217; professional development. Whether you&#8217;re [&hellip;]<\/p>\n","protected":false},"author":1,"featured_media":0,"parent":0,"menu_order":0,"comment_status":"closed","ping_status":"closed","template":"","meta":{"_acf_changed":false,"footnotes":""},"class_list":["post-3574","page","type-page","status-publish","hentry"],"acf":[],"yoast_head":"<!-- This site is optimized with the Yoast SEO plugin v27.4 - https:\/\/yoast.com\/product\/yoast-seo-wordpress\/ -->\n<title>Supporting you - BCZ<\/title>\n<meta name=\"robots\" content=\"index, follow, max-snippet:-1, max-image-preview:large, max-video-preview:-1\" \/>\n<link rel=\"canonical\" href=\"https:\/\/www.becouze-talents.com\/en\/supporting-you\" \/>\n<meta property=\"og:locale\" content=\"en_US\" \/>\n<meta property=\"og:type\" content=\"article\" \/>\n<meta property=\"og:title\" content=\"Supporting you - BCZ\" \/>\n<meta property=\"og:description\" content=\"SUPPORTING YOUR PROFESSIONAL DEVELOPMENT BECOUZE takes care of its employees&#8217; professional development. Whether you&#8217;re [&hellip;]\" \/>\n<meta property=\"og:url\" content=\"https:\/\/www.becouze-talents.com\/en\/supporting-you\" \/>\n<meta property=\"og:site_name\" content=\"BCZ\" \/>\n<meta property=\"article:modified_time\" content=\"2025-04-03T07:50:31+00:00\" \/>\n<meta property=\"og:image\" content=\"https:\/\/www.becouze-talents.com\/wp-content\/uploads\/2024\/11\/RH-BCZ-Inside-1.-Bandeau-2.jpg\" \/>\n\t<meta property=\"og:image:width\" content=\"1800\" \/>\n\t<meta property=\"og:image:height\" content=\"570\" \/>\n\t<meta property=\"og:image:type\" content=\"image\/jpeg\" \/>\n<meta name=\"twitter:card\" content=\"summary_large_image\" \/>\n<meta name=\"twitter:label1\" content=\"Est. reading time\" \/>\n\t<meta name=\"twitter:data1\" content=\"4 minutes\" \/>\n<script type=\"application\/ld+json\" class=\"yoast-schema-graph\">{\"@context\":\"https:\\\/\\\/schema.org\",\"@graph\":[{\"@type\":\"WebPage\",\"@id\":\"https:\\\/\\\/www.becouze-talents.com\\\/en\\\/supporting-you\",\"url\":\"https:\\\/\\\/www.becouze-talents.com\\\/en\\\/supporting-you\",\"name\":\"Supporting you - BCZ\",\"isPartOf\":{\"@id\":\"https:\\\/\\\/www.becouze-talents.com\\\/en#website\"},\"primaryImageOfPage\":{\"@id\":\"https:\\\/\\\/www.becouze-talents.com\\\/en\\\/supporting-you#primaryimage\"},\"image\":{\"@id\":\"https:\\\/\\\/www.becouze-talents.com\\\/en\\\/supporting-you#primaryimage\"},\"thumbnailUrl\":\"https:\\\/\\\/www.becouze-talents.com\\\/wp-content\\\/uploads\\\/2024\\\/11\\\/RH-BCZ-Inside-1.-Bandeau-2-1024x324.jpg\",\"datePublished\":\"2024-07-16T09:18:13+00:00\",\"dateModified\":\"2025-04-03T07:50:31+00:00\",\"breadcrumb\":{\"@id\":\"https:\\\/\\\/www.becouze-talents.com\\\/en\\\/supporting-you#breadcrumb\"},\"inLanguage\":\"en-US\",\"potentialAction\":[{\"@type\":\"ReadAction\",\"target\":[\"https:\\\/\\\/www.becouze-talents.com\\\/en\\\/supporting-you\"]}]},{\"@type\":\"ImageObject\",\"inLanguage\":\"en-US\",\"@id\":\"https:\\\/\\\/www.becouze-talents.com\\\/en\\\/supporting-you#primaryimage\",\"url\":\"https:\\\/\\\/www.becouze-talents.com\\\/wp-content\\\/uploads\\\/2024\\\/11\\\/RH-BCZ-Inside-1.-Bandeau-2-1024x324.jpg\",\"contentUrl\":\"https:\\\/\\\/www.becouze-talents.com\\\/wp-content\\\/uploads\\\/2024\\\/11\\\/RH-BCZ-Inside-1.-Bandeau-2-1024x324.jpg\"},{\"@type\":\"BreadcrumbList\",\"@id\":\"https:\\\/\\\/www.becouze-talents.com\\\/en\\\/supporting-you#breadcrumb\",\"itemListElement\":[{\"@type\":\"ListItem\",\"position\":1,\"name\":\"Becouze\",\"item\":\"https:\\\/\\\/www.becouze-talents.com\\\/en\"},{\"@type\":\"ListItem\",\"position\":2,\"name\":\"Supporting you\"}]},{\"@type\":\"WebSite\",\"@id\":\"https:\\\/\\\/www.becouze-talents.com\\\/en#website\",\"url\":\"https:\\\/\\\/www.becouze-talents.com\\\/en\",\"name\":\"BCZ\",\"description\":\"BCZ, soci\u00e9t\u00e9 ind\u00e9pendante d&#039;expertise, d&#039;audit et de conseil.\",\"publisher\":{\"@id\":\"https:\\\/\\\/www.becouze-talents.com\\\/en#organization\"},\"potentialAction\":[{\"@type\":\"SearchAction\",\"target\":{\"@type\":\"EntryPoint\",\"urlTemplate\":\"https:\\\/\\\/www.becouze-talents.com\\\/en?s={search_term_string}\"},\"query-input\":{\"@type\":\"PropertyValueSpecification\",\"valueRequired\":true,\"valueName\":\"search_term_string\"}}],\"inLanguage\":\"en-US\"},{\"@type\":\"Organization\",\"@id\":\"https:\\\/\\\/www.becouze-talents.com\\\/en#organization\",\"name\":\"BCZ\",\"url\":\"https:\\\/\\\/www.becouze-talents.com\\\/en\",\"logo\":{\"@type\":\"ImageObject\",\"inLanguage\":\"en-US\",\"@id\":\"https:\\\/\\\/www.becouze-talents.com\\\/en#\\\/schema\\\/logo\\\/image\\\/\",\"url\":\"https:\\\/\\\/www.becouze-talents.com\\\/wp-content\\\/uploads\\\/2024\\\/10\\\/Logo_Global_avec_baseline.svg\",\"contentUrl\":\"https:\\\/\\\/www.becouze-talents.com\\\/wp-content\\\/uploads\\\/2024\\\/10\\\/Logo_Global_avec_baseline.svg\",\"caption\":\"BCZ\"},\"image\":{\"@id\":\"https:\\\/\\\/www.becouze-talents.com\\\/en#\\\/schema\\\/logo\\\/image\\\/\"}}]}<\/script>\n<!-- \/ Yoast SEO plugin. -->","yoast_head_json":{"title":"Supporting you - BCZ","robots":{"index":"index","follow":"follow","max-snippet":"max-snippet:-1","max-image-preview":"max-image-preview:large","max-video-preview":"max-video-preview:-1"},"canonical":"https:\/\/www.becouze-talents.com\/en\/supporting-you","og_locale":"en_US","og_type":"article","og_title":"Supporting you - BCZ","og_description":"SUPPORTING YOUR PROFESSIONAL DEVELOPMENT BECOUZE takes care of its employees&#8217; professional development. Whether you&#8217;re [&hellip;]","og_url":"https:\/\/www.becouze-talents.com\/en\/supporting-you","og_site_name":"BCZ","article_modified_time":"2025-04-03T07:50:31+00:00","og_image":[{"width":1800,"height":570,"url":"https:\/\/www.becouze-talents.com\/wp-content\/uploads\/2024\/11\/RH-BCZ-Inside-1.-Bandeau-2.jpg","type":"image\/jpeg"}],"twitter_card":"summary_large_image","twitter_misc":{"Est. reading time":"4 minutes"},"schema":{"@context":"https:\/\/schema.org","@graph":[{"@type":"WebPage","@id":"https:\/\/www.becouze-talents.com\/en\/supporting-you","url":"https:\/\/www.becouze-talents.com\/en\/supporting-you","name":"Supporting you - BCZ","isPartOf":{"@id":"https:\/\/www.becouze-talents.com\/en#website"},"primaryImageOfPage":{"@id":"https:\/\/www.becouze-talents.com\/en\/supporting-you#primaryimage"},"image":{"@id":"https:\/\/www.becouze-talents.com\/en\/supporting-you#primaryimage"},"thumbnailUrl":"https:\/\/www.becouze-talents.com\/wp-content\/uploads\/2024\/11\/RH-BCZ-Inside-1.-Bandeau-2-1024x324.jpg","datePublished":"2024-07-16T09:18:13+00:00","dateModified":"2025-04-03T07:50:31+00:00","breadcrumb":{"@id":"https:\/\/www.becouze-talents.com\/en\/supporting-you#breadcrumb"},"inLanguage":"en-US","potentialAction":[{"@type":"ReadAction","target":["https:\/\/www.becouze-talents.com\/en\/supporting-you"]}]},{"@type":"ImageObject","inLanguage":"en-US","@id":"https:\/\/www.becouze-talents.com\/en\/supporting-you#primaryimage","url":"https:\/\/www.becouze-talents.com\/wp-content\/uploads\/2024\/11\/RH-BCZ-Inside-1.-Bandeau-2-1024x324.jpg","contentUrl":"https:\/\/www.becouze-talents.com\/wp-content\/uploads\/2024\/11\/RH-BCZ-Inside-1.-Bandeau-2-1024x324.jpg"},{"@type":"BreadcrumbList","@id":"https:\/\/www.becouze-talents.com\/en\/supporting-you#breadcrumb","itemListElement":[{"@type":"ListItem","position":1,"name":"Becouze","item":"https:\/\/www.becouze-talents.com\/en"},{"@type":"ListItem","position":2,"name":"Supporting you"}]},{"@type":"WebSite","@id":"https:\/\/www.becouze-talents.com\/en#website","url":"https:\/\/www.becouze-talents.com\/en","name":"BCZ","description":"BCZ, soci\u00e9t\u00e9 ind\u00e9pendante d&#039;expertise, d&#039;audit et de conseil.","publisher":{"@id":"https:\/\/www.becouze-talents.com\/en#organization"},"potentialAction":[{"@type":"SearchAction","target":{"@type":"EntryPoint","urlTemplate":"https:\/\/www.becouze-talents.com\/en?s={search_term_string}"},"query-input":{"@type":"PropertyValueSpecification","valueRequired":true,"valueName":"search_term_string"}}],"inLanguage":"en-US"},{"@type":"Organization","@id":"https:\/\/www.becouze-talents.com\/en#organization","name":"BCZ","url":"https:\/\/www.becouze-talents.com\/en","logo":{"@type":"ImageObject","inLanguage":"en-US","@id":"https:\/\/www.becouze-talents.com\/en#\/schema\/logo\/image\/","url":"https:\/\/www.becouze-talents.com\/wp-content\/uploads\/2024\/10\/Logo_Global_avec_baseline.svg","contentUrl":"https:\/\/www.becouze-talents.com\/wp-content\/uploads\/2024\/10\/Logo_Global_avec_baseline.svg","caption":"BCZ"},"image":{"@id":"https:\/\/www.becouze-talents.com\/en#\/schema\/logo\/image\/"}}]}},"_links":{"self":[{"href":"https:\/\/www.becouze-talents.com\/en\/wp-json\/wp\/v2\/pages\/3574","targetHints":{"allow":["GET"]}}],"collection":[{"href":"https:\/\/www.becouze-talents.com\/en\/wp-json\/wp\/v2\/pages"}],"about":[{"href":"https:\/\/www.becouze-talents.com\/en\/wp-json\/wp\/v2\/types\/page"}],"author":[{"embeddable":true,"href":"https:\/\/www.becouze-talents.com\/en\/wp-json\/wp\/v2\/users\/1"}],"replies":[{"embeddable":true,"href":"https:\/\/www.becouze-talents.com\/en\/wp-json\/wp\/v2\/comments?post=3574"}],"version-history":[{"count":2,"href":"https:\/\/www.becouze-talents.com\/en\/wp-json\/wp\/v2\/pages\/3574\/revisions"}],"predecessor-version":[{"id":3577,"href":"https:\/\/www.becouze-talents.com\/en\/wp-json\/wp\/v2\/pages\/3574\/revisions\/3577"}],"wp:attachment":[{"href":"https:\/\/www.becouze-talents.com\/en\/wp-json\/wp\/v2\/media?parent=3574"}],"curies":[{"name":"wp","href":"https:\/\/api.w.org\/{rel}","templated":true}]}}