{"id":3584,"date":"2024-05-28T15:10:59","date_gmt":"2024-05-28T13:10:59","guid":{"rendered":"https:\/\/www.becouze-talents.com\/demarche-rse"},"modified":"2026-03-25T15:20:35","modified_gmt":"2026-03-25T14:20:35","slug":"csr-approach","status":"publish","type":"page","link":"https:\/\/www.becouze-talents.com\/en\/csr-approach","title":{"rendered":"CSR approach"},"content":{"rendered":"\n<div class=\"wp-block-group is-layout-flow wp-block-group-is-layout-flow\">\n<h1 class=\"wp-block-heading\" style=\"line-height:1\">Our CSR approach<\/h1>\n\n\n\n<div style=\"height:1rem\" aria-hidden=\"true\" class=\"wp-block-spacer\"><\/div>\n<\/div>\n\n\n\n<div class=\"wp-block-create-block-atalanta-banner-image\">\n<div class=\"wp-block-cover alignfull is-light\"><img loading=\"lazy\" decoding=\"async\" width=\"1587\" height=\"924\" class=\"wp-block-cover__image-background wp-image-2528\" alt=\"\" src=\"https:\/\/www.becouze-talents.com\/wp-content\/uploads\/2024\/11\/BCZ040-e1731949941804.jpg\" data-object-fit=\"cover\" srcset=\"https:\/\/www.becouze-talents.com\/wp-content\/uploads\/2024\/11\/BCZ040-e1731949941804.jpg 1587w, https:\/\/www.becouze-talents.com\/wp-content\/uploads\/2024\/11\/BCZ040-e1731949941804-300x175.jpg 300w, https:\/\/www.becouze-talents.com\/wp-content\/uploads\/2024\/11\/BCZ040-e1731949941804-1024x596.jpg 1024w, https:\/\/www.becouze-talents.com\/wp-content\/uploads\/2024\/11\/BCZ040-e1731949941804-768x447.jpg 768w, https:\/\/www.becouze-talents.com\/wp-content\/uploads\/2024\/11\/BCZ040-e1731949941804-1536x894.jpg 1536w\" sizes=\"auto, (max-width: 1587px) 100vw, 1587px\" \/><span aria-hidden=\"true\" class=\"wp-block-cover__background has-background-dim-0 has-background-dim\" style=\"background-color:#FFF\"><\/span><div class=\"wp-block-cover__inner-container is-layout-flow wp-block-cover-is-layout-flow\">\n<p class=\"has-text-align-center has-large-font-size\"><\/p>\n<\/div><\/div>\n\n\n\n<div class=\"wp-block-button\"><a class=\"wp-block-button__link has-white-color has-secondary-color-background-color has-text-color has-background wp-element-button\" href=\"https:\/\/www.becouze-talents.com\/wp-content\/uploads\/2025\/07\/Rapport-RSE-2024-EN.pdf\" target=\"_blank\" rel=\"noreferrer noopener\">DOWNLOAD OUR CSR REPORT<\/a><\/div>\n<\/div>\n\n\n\n<div style=\"height:3rem\" aria-hidden=\"true\" class=\"wp-block-spacer\"><\/div>\n\n\n\n<div class=\"wp-block-group alignwide block-image-heading-behind-with-subtitle is-layout-flow wp-block-group-is-layout-flow\">\n<div class=\"wp-block-columns is-layout-flex wp-container-core-columns-is-layout-28f84493 wp-block-columns-is-layout-flex\">\n<div class=\"wp-block-column is-layout-flow wp-block-column-is-layout-flow\" style=\"padding-right:var(--wp--preset--spacing--50);padding-left:var(--wp--preset--spacing--50)\">\n<h2 class=\"wp-block-heading has-large-font-size\" style=\"font-style:normal;font-weight:700;line-height:1.3\">We strive to apply a continuous improvement approach to strengthen our CSR commitments.<\/h2>\n<\/div>\n\n\n\n<div class=\"wp-block-column is-layout-flow wp-container-core-column-is-layout-4430d9c6 wp-block-column-is-layout-flow\" style=\"padding-right:var(--wp--preset--spacing--50);padding-left:var(--wp--preset--spacing--50)\">\n<p>In order to be a sustainable part of our ecosystem and achieve our sustainable objectives, we are committed to monitoring and measuring the impact of our activities on a daily basis.<\/p>\n<\/div>\n\n\n\n<div class=\"wp-block-column is-layout-flow wp-block-column-is-layout-flow\" style=\"padding-right:var(--wp--preset--spacing--50);padding-left:var(--wp--preset--spacing--50)\">\n<p style=\"line-height:1.4\">Our teams are committed to simple, day-to-day actions, rooted in the quest for excellence, to cultivate the desire for improvement, trust, respect and ethics. These responsible practices form the very foundation of our values.<\/p>\n<\/div>\n<\/div>\n\n\n\n<div style=\"height:2rem\" aria-hidden=\"true\" class=\"wp-block-spacer\"><\/div>\n<\/div>\n\n\n\n<div class=\"wp-block-columns has-gray-color-background-color has-background is-layout-flex wp-container-core-columns-is-layout-1e297cbc wp-block-columns-is-layout-flex\" style=\"padding-top:var(--wp--preset--spacing--70);padding-bottom:var(--wp--preset--spacing--70)\">\n<div class=\"wp-block-column is-vertically-aligned-center has-primary-color-color has-text-color has-link-color wp-elements-559a83e2c735d7d56120ef520de44a9b is-layout-flow wp-block-column-is-layout-flow\" style=\"padding-right:var(--wp--preset--spacing--50);padding-left:var(--wp--preset--spacing--50)\">\n<h3 class=\"wp-block-heading has-text-align-left has-medium-font-size\"><strong>cycle friendly employer<\/strong><\/h3>\n\n\n\n<p>Since November 2025, we have held the<strong>\u00a0<a href=\"https:\/\/employeurprovelo.fr\/\" target=\"_blank\" rel=\"noreferrer noopener\">Employeur Pro-V\u00e9lo<\/a>\u00a0accreditation<\/strong>, at Bronze level.<\/p>\n\n\n\n<p>This label, awarded by the French Federation of Cyclists (FUB), recognises companies that are actively committed to encouraging their staff to cycle.<\/p>\n\n\n\n<p>This is a genuine recognition of our commitment to sustainable mobility, which helps to improve the quality of life at work, reduce our carbon footprint and encourage more responsible travel choices.<\/p>\n<\/div>\n\n\n\n<div class=\"wp-block-column is-vertically-aligned-center is-layout-flow wp-block-column-is-layout-flow\" style=\"padding-right:var(--wp--preset--spacing--50);padding-left:var(--wp--preset--spacing--50)\">\n<figure class=\"wp-block-image aligncenter size-full is-resized\"><img loading=\"lazy\" decoding=\"async\" width=\"1920\" height=\"1280\" src=\"https:\/\/www.becouze-talents.com\/wp-content\/uploads\/2025\/11\/Visuel-LinkedIn.jpg\" alt=\"\" class=\"wp-image-4092\" style=\"width:395px;height:auto\" srcset=\"https:\/\/www.becouze-talents.com\/wp-content\/uploads\/2025\/11\/Visuel-LinkedIn.jpg 1920w, https:\/\/www.becouze-talents.com\/wp-content\/uploads\/2025\/11\/Visuel-LinkedIn-300x200.jpg 300w, https:\/\/www.becouze-talents.com\/wp-content\/uploads\/2025\/11\/Visuel-LinkedIn-1024x683.jpg 1024w, https:\/\/www.becouze-talents.com\/wp-content\/uploads\/2025\/11\/Visuel-LinkedIn-768x512.jpg 768w, https:\/\/www.becouze-talents.com\/wp-content\/uploads\/2025\/11\/Visuel-LinkedIn-1536x1024.jpg 1536w\" sizes=\"auto, (max-width: 1920px) 100vw, 1920px\" \/><\/figure>\n<\/div>\n<\/div>\n\n\n\n<div style=\"height:3rem\" aria-hidden=\"true\" class=\"wp-block-spacer\"><\/div>\n\n\n\n<div class=\"wp-block-columns is-layout-flex wp-container-core-columns-is-layout-28f84493 wp-block-columns-is-layout-flex\">\n<div class=\"wp-block-column is-layout-flow wp-block-column-is-layout-flow\" style=\"padding-right:var(--wp--preset--spacing--50);padding-left:var(--wp--preset--spacing--50)\">\n<figure class=\"wp-block-image alignfull size-full\"><img loading=\"lazy\" decoding=\"async\" width=\"520\" height=\"590\" src=\"https:\/\/www.becouze-talents.com\/wp-content\/uploads\/2024\/10\/RSE-2.-Dvp-nos-talents-2.jpg\" alt=\"\" class=\"wp-image-2156\" srcset=\"https:\/\/www.becouze-talents.com\/wp-content\/uploads\/2024\/10\/RSE-2.-Dvp-nos-talents-2.jpg 520w, https:\/\/www.becouze-talents.com\/wp-content\/uploads\/2024\/10\/RSE-2.-Dvp-nos-talents-2-264x300.jpg 264w\" sizes=\"auto, (max-width: 520px) 100vw, 520px\" \/><\/figure>\n\n\n\n<h2 class=\"wp-block-heading has-medium-font-size\"><strong>Developing and engaging our talent<\/strong>S<\/h2>\n\n\n\n<p>From the outset, we have pursued an ambitious policy of social responsibility. Through a transparent HR policy, we strive to maintain:<\/p>\n\n\n\n<ul class=\"wp-block-list\">\n<li>The work-life balance of our employees,<\/li>\n\n\n\n<li>Professional equality,<\/li>\n\n\n\n<li>Relationships built on trust with schools and our partners,<\/li>\n\n\n\n<li>A proactive pay policy,<\/li>\n\n\n\n<li>Management training courses,<\/li>\n\n\n\n<li>The development of our teams through professional training.<\/li>\n<\/ul>\n<\/div>\n\n\n\n<div class=\"wp-block-column is-layout-flow wp-block-column-is-layout-flow\" style=\"padding-right:var(--wp--preset--spacing--50);padding-left:var(--wp--preset--spacing--50)\">\n<div style=\"height:5rem\" aria-hidden=\"true\" class=\"wp-block-spacer\"><\/div>\n\n\n\n<figure class=\"wp-block-image alignfull size-full\"><img loading=\"lazy\" decoding=\"async\" width=\"520\" height=\"590\" src=\"https:\/\/www.becouze-talents.com\/wp-content\/uploads\/2024\/10\/RSE-3.-Acteur-local.jpg\" alt=\"\" class=\"wp-image-2154\" srcset=\"https:\/\/www.becouze-talents.com\/wp-content\/uploads\/2024\/10\/RSE-3.-Acteur-local.jpg 520w, https:\/\/www.becouze-talents.com\/wp-content\/uploads\/2024\/10\/RSE-3.-Acteur-local-264x300.jpg 264w\" sizes=\"auto, (max-width: 520px) 100vw, 520px\" \/><\/figure>\n\n\n\n<h2 class=\"wp-block-heading has-medium-font-size\"><strong>Being a trusted local stakeholder<\/strong><\/h2>\n\n\n\n<p>Engaging with our interested parties is at the heart of our business practices. We position ourselves as a real stakeholder in the development of our region, through our social commitments and our relationships with local partners, as demonstrated by:<\/p>\n\n\n\n<ul class=\"wp-block-list\">\n<li>The creation of a &#8220;BCZ M\u00e9c\u00e9nat&#8221; endowment fund in 2022,<\/li>\n\n\n\n<li>The drafting of a sustainable purchasing policy to guide our teams in making informed decisions,<\/li>\n\n\n\n<li>Our sponsorship of local sportswomen,<\/li>\n\n\n\n<li>Our involvement in solidarity events,<\/li>\n\n\n\n<li>Our desire to maintain a high level of client satisfaction,<\/li>\n\n\n\n<li>Our ethics and level of data security.<\/li>\n<\/ul>\n<\/div>\n\n\n\n<div class=\"wp-block-column is-layout-flow wp-block-column-is-layout-flow\" style=\"padding-right:var(--wp--preset--spacing--50);padding-left:var(--wp--preset--spacing--50)\">\n<figure class=\"wp-block-image alignfull size-full\"><img loading=\"lazy\" decoding=\"async\" width=\"1200\" height=\"900\" src=\"https:\/\/www.becouze-talents.com\/wp-content\/uploads\/2024\/12\/Collection-Management-Day-2024.jpg\" alt=\"\" class=\"wp-image-2779\" srcset=\"https:\/\/www.becouze-talents.com\/wp-content\/uploads\/2024\/12\/Collection-Management-Day-2024.jpg 1200w, https:\/\/www.becouze-talents.com\/wp-content\/uploads\/2024\/12\/Collection-Management-Day-2024-300x225.jpg 300w, https:\/\/www.becouze-talents.com\/wp-content\/uploads\/2024\/12\/Collection-Management-Day-2024-1024x768.jpg 1024w, https:\/\/www.becouze-talents.com\/wp-content\/uploads\/2024\/12\/Collection-Management-Day-2024-768x576.jpg 768w\" sizes=\"auto, (max-width: 1200px) 100vw, 1200px\" \/><\/figure>\n\n\n\n<h2 class=\"wp-block-heading has-medium-font-size\"><strong>Controlling our impact on the planet<\/strong><\/h2>\n\n\n\n<p>With a focus on innovation and continuous improvement, we hope to prove that a totally carbon-free future is possible for everyone. This means:<\/p>\n\n\n\n<ul class=\"wp-block-list\">\n<li>Calculate our carbon footprint every year, to assess our impact on the environment,<\/li>\n\n\n\n<li>Encouraging soft mobility for our employees, by promoting car-sharing to reduce CO2 emissions linked to home-work journeys, and signing up to the &#8220;Objectif Employeur Pro V\u00e9lo&#8221; (OEPV) programme,<\/li>\n\n\n\n<li>Organising awareness-raising events for our teams (climate collage, biodiversity collage),<\/li>\n\n\n\n<li>Introducing waste sorting and controlled management of energy consumption.<\/li>\n<\/ul>\n<\/div>\n<\/div>\n\n\n\n<div style=\"height:2rem\" aria-hidden=\"true\" class=\"wp-block-spacer\"><\/div>\n\n\n\n<div class=\"wp-block-columns is-layout-flex wp-container-core-columns-is-layout-28f84493 wp-block-columns-is-layout-flex\">\n<div class=\"wp-block-column is-layout-flow wp-block-column-is-layout-flow\" style=\"padding-right:var(--wp--preset--spacing--50);padding-left:var(--wp--preset--spacing--50)\">\n<figure class=\"wp-block-image size-large\"><img loading=\"lazy\" decoding=\"async\" width=\"1815\" height=\"1210\" src=\"https:\/\/www.becouze-talents.com\/wp-content\/uploads\/2025\/01\/20221205_175443-edited.jpg\" alt=\"\" class=\"wp-image-3118\" srcset=\"https:\/\/www.becouze-talents.com\/wp-content\/uploads\/2025\/01\/20221205_175443-edited.jpg 1815w, https:\/\/www.becouze-talents.com\/wp-content\/uploads\/2025\/01\/20221205_175443-edited-300x200.jpg 300w, https:\/\/www.becouze-talents.com\/wp-content\/uploads\/2025\/01\/20221205_175443-edited-1024x683.jpg 1024w, https:\/\/www.becouze-talents.com\/wp-content\/uploads\/2025\/01\/20221205_175443-edited-768x512.jpg 768w, https:\/\/www.becouze-talents.com\/wp-content\/uploads\/2025\/01\/20221205_175443-edited-1536x1024.jpg 1536w\" sizes=\"auto, (max-width: 1815px) 100vw, 1815px\" \/><\/figure>\n<\/div>\n\n\n\n<div class=\"wp-block-column is-layout-flow wp-block-column-is-layout-flow\" style=\"padding-right:var(--wp--preset--spacing--50);padding-left:var(--wp--preset--spacing--50)\">\n<h2 class=\"wp-block-heading has-text-align-left has-medium-font-size\"><strong>Supporting our clients&#8217; transition<\/strong><\/h2>\n\n\n\n<p>Our CSR approach is also based on dialogue with our clients, our partners and our region, in particular via:<\/p>\n\n\n\n<ul class=\"wp-block-list\">\n<li>Developing our CSR offering,<\/li>\n\n\n\n<li>Helping our clients to reduce their carbon footprint,<\/li>\n\n\n\n<li>Training employees and raising their awareness of CSR issues,<\/li>\n\n\n\n<li>Transparency and security of non-financial data.<\/li>\n<\/ul>\n\n\n\n<p>For more information on our CSR offering, see our page dedicated to <a href=\"https:\/\/www.becouze-talents.com\/en\/jobs\/rse\"><strong>the CSR business line<\/strong><\/a>.<\/p>\n<\/div>\n<\/div>\n","protected":false},"excerpt":{"rendered":"<p>Our CSR approach We strive to apply a continuous improvement approach to strengthen our [&hellip;]<\/p>\n","protected":false},"author":1,"featured_media":0,"parent":0,"menu_order":4,"comment_status":"closed","ping_status":"closed","template":"","meta":{"_acf_changed":false,"footnotes":""},"class_list":["post-3584","page","type-page","status-publish","hentry"],"acf":[],"yoast_head":"<!-- This site is optimized with the Yoast SEO plugin v27.4 - https:\/\/yoast.com\/product\/yoast-seo-wordpress\/ -->\n<title>CSR approach - BCZ<\/title>\n<meta name=\"description\" content=\"D\u00e9couvrez comment se d\u00e9cline la d\u00e9marche RSE de Becouze, pour nos collaborateurs comme pour nos clients, et t\u00e9l\u00e9chargez notre rapport RSE !\" \/>\n<meta name=\"robots\" content=\"index, follow, max-snippet:-1, max-image-preview:large, max-video-preview:-1\" \/>\n<link rel=\"canonical\" href=\"https:\/\/www.becouze-talents.com\/en\/csr-approach\" \/>\n<meta property=\"og:locale\" content=\"en_US\" \/>\n<meta property=\"og:type\" content=\"article\" \/>\n<meta property=\"og:title\" content=\"CSR approach - BCZ\" \/>\n<meta property=\"og:description\" content=\"D\u00e9couvrez comment se d\u00e9cline la d\u00e9marche RSE de Becouze, pour nos collaborateurs comme pour nos clients, et t\u00e9l\u00e9chargez notre rapport RSE !\" \/>\n<meta property=\"og:url\" content=\"https:\/\/www.becouze-talents.com\/en\/csr-approach\" \/>\n<meta property=\"og:site_name\" content=\"BCZ\" \/>\n<meta property=\"article:modified_time\" content=\"2026-03-25T14:20:35+00:00\" \/>\n<meta property=\"og:image\" content=\"https:\/\/www.becouze-talents.com\/wp-content\/uploads\/2024\/11\/BCZ040-e1731949941804.jpg\" \/>\n\t<meta property=\"og:image:width\" content=\"1587\" \/>\n\t<meta property=\"og:image:height\" content=\"924\" \/>\n\t<meta property=\"og:image:type\" content=\"image\/jpeg\" \/>\n<meta name=\"twitter:card\" content=\"summary_large_image\" \/>\n<meta name=\"twitter:label1\" content=\"Est. reading time\" \/>\n\t<meta name=\"twitter:data1\" content=\"4 minutes\" \/>\n<script type=\"application\/ld+json\" class=\"yoast-schema-graph\">{\"@context\":\"https:\\\/\\\/schema.org\",\"@graph\":[{\"@type\":\"WebPage\",\"@id\":\"https:\\\/\\\/www.becouze-talents.com\\\/en\\\/csr-approach\",\"url\":\"https:\\\/\\\/www.becouze-talents.com\\\/en\\\/csr-approach\",\"name\":\"CSR approach - BCZ\",\"isPartOf\":{\"@id\":\"https:\\\/\\\/www.becouze-talents.com\\\/en#website\"},\"primaryImageOfPage\":{\"@id\":\"https:\\\/\\\/www.becouze-talents.com\\\/en\\\/csr-approach#primaryimage\"},\"image\":{\"@id\":\"https:\\\/\\\/www.becouze-talents.com\\\/en\\\/csr-approach#primaryimage\"},\"thumbnailUrl\":\"https:\\\/\\\/www.becouze-talents.com\\\/wp-content\\\/uploads\\\/2024\\\/11\\\/BCZ040-e1731949941804.jpg\",\"datePublished\":\"2024-05-28T13:10:59+00:00\",\"dateModified\":\"2026-03-25T14:20:35+00:00\",\"description\":\"D\u00e9couvrez comment se d\u00e9cline la d\u00e9marche RSE de Becouze, pour nos collaborateurs comme pour nos clients, et t\u00e9l\u00e9chargez notre rapport RSE !\",\"breadcrumb\":{\"@id\":\"https:\\\/\\\/www.becouze-talents.com\\\/en\\\/csr-approach#breadcrumb\"},\"inLanguage\":\"en-US\",\"potentialAction\":[{\"@type\":\"ReadAction\",\"target\":[\"https:\\\/\\\/www.becouze-talents.com\\\/en\\\/csr-approach\"]}]},{\"@type\":\"ImageObject\",\"inLanguage\":\"en-US\",\"@id\":\"https:\\\/\\\/www.becouze-talents.com\\\/en\\\/csr-approach#primaryimage\",\"url\":\"https:\\\/\\\/www.becouze-talents.com\\\/wp-content\\\/uploads\\\/2024\\\/11\\\/BCZ040-e1731949941804.jpg\",\"contentUrl\":\"https:\\\/\\\/www.becouze-talents.com\\\/wp-content\\\/uploads\\\/2024\\\/11\\\/BCZ040-e1731949941804.jpg\"},{\"@type\":\"BreadcrumbList\",\"@id\":\"https:\\\/\\\/www.becouze-talents.com\\\/en\\\/csr-approach#breadcrumb\",\"itemListElement\":[{\"@type\":\"ListItem\",\"position\":1,\"name\":\"Becouze\",\"item\":\"https:\\\/\\\/www.becouze-talents.com\\\/en\"},{\"@type\":\"ListItem\",\"position\":2,\"name\":\"CSR approach\"}]},{\"@type\":\"WebSite\",\"@id\":\"https:\\\/\\\/www.becouze-talents.com\\\/en#website\",\"url\":\"https:\\\/\\\/www.becouze-talents.com\\\/en\",\"name\":\"BCZ\",\"description\":\"BCZ, soci\u00e9t\u00e9 ind\u00e9pendante d&#039;expertise, d&#039;audit et de conseil.\",\"publisher\":{\"@id\":\"https:\\\/\\\/www.becouze-talents.com\\\/en#organization\"},\"potentialAction\":[{\"@type\":\"SearchAction\",\"target\":{\"@type\":\"EntryPoint\",\"urlTemplate\":\"https:\\\/\\\/www.becouze-talents.com\\\/en?s={search_term_string}\"},\"query-input\":{\"@type\":\"PropertyValueSpecification\",\"valueRequired\":true,\"valueName\":\"search_term_string\"}}],\"inLanguage\":\"en-US\"},{\"@type\":\"Organization\",\"@id\":\"https:\\\/\\\/www.becouze-talents.com\\\/en#organization\",\"name\":\"BCZ\",\"url\":\"https:\\\/\\\/www.becouze-talents.com\\\/en\",\"logo\":{\"@type\":\"ImageObject\",\"inLanguage\":\"en-US\",\"@id\":\"https:\\\/\\\/www.becouze-talents.com\\\/en#\\\/schema\\\/logo\\\/image\\\/\",\"url\":\"https:\\\/\\\/www.becouze-talents.com\\\/wp-content\\\/uploads\\\/2024\\\/10\\\/Logo_Global_avec_baseline.svg\",\"contentUrl\":\"https:\\\/\\\/www.becouze-talents.com\\\/wp-content\\\/uploads\\\/2024\\\/10\\\/Logo_Global_avec_baseline.svg\",\"caption\":\"BCZ\"},\"image\":{\"@id\":\"https:\\\/\\\/www.becouze-talents.com\\\/en#\\\/schema\\\/logo\\\/image\\\/\"}}]}<\/script>\n<!-- \/ Yoast SEO plugin. -->","yoast_head_json":{"title":"CSR approach - BCZ","description":"D\u00e9couvrez comment se d\u00e9cline la d\u00e9marche RSE de Becouze, pour nos collaborateurs comme pour nos clients, et t\u00e9l\u00e9chargez notre rapport RSE !","robots":{"index":"index","follow":"follow","max-snippet":"max-snippet:-1","max-image-preview":"max-image-preview:large","max-video-preview":"max-video-preview:-1"},"canonical":"https:\/\/www.becouze-talents.com\/en\/csr-approach","og_locale":"en_US","og_type":"article","og_title":"CSR approach - BCZ","og_description":"D\u00e9couvrez comment se d\u00e9cline la d\u00e9marche RSE de Becouze, pour nos collaborateurs comme pour nos clients, et t\u00e9l\u00e9chargez notre rapport RSE !","og_url":"https:\/\/www.becouze-talents.com\/en\/csr-approach","og_site_name":"BCZ","article_modified_time":"2026-03-25T14:20:35+00:00","og_image":[{"width":1587,"height":924,"url":"https:\/\/www.becouze-talents.com\/wp-content\/uploads\/2024\/11\/BCZ040-e1731949941804.jpg","type":"image\/jpeg"}],"twitter_card":"summary_large_image","twitter_misc":{"Est. reading time":"4 minutes"},"schema":{"@context":"https:\/\/schema.org","@graph":[{"@type":"WebPage","@id":"https:\/\/www.becouze-talents.com\/en\/csr-approach","url":"https:\/\/www.becouze-talents.com\/en\/csr-approach","name":"CSR approach - BCZ","isPartOf":{"@id":"https:\/\/www.becouze-talents.com\/en#website"},"primaryImageOfPage":{"@id":"https:\/\/www.becouze-talents.com\/en\/csr-approach#primaryimage"},"image":{"@id":"https:\/\/www.becouze-talents.com\/en\/csr-approach#primaryimage"},"thumbnailUrl":"https:\/\/www.becouze-talents.com\/wp-content\/uploads\/2024\/11\/BCZ040-e1731949941804.jpg","datePublished":"2024-05-28T13:10:59+00:00","dateModified":"2026-03-25T14:20:35+00:00","description":"D\u00e9couvrez comment se d\u00e9cline la d\u00e9marche RSE de Becouze, pour nos collaborateurs comme pour nos clients, et t\u00e9l\u00e9chargez notre rapport RSE !","breadcrumb":{"@id":"https:\/\/www.becouze-talents.com\/en\/csr-approach#breadcrumb"},"inLanguage":"en-US","potentialAction":[{"@type":"ReadAction","target":["https:\/\/www.becouze-talents.com\/en\/csr-approach"]}]},{"@type":"ImageObject","inLanguage":"en-US","@id":"https:\/\/www.becouze-talents.com\/en\/csr-approach#primaryimage","url":"https:\/\/www.becouze-talents.com\/wp-content\/uploads\/2024\/11\/BCZ040-e1731949941804.jpg","contentUrl":"https:\/\/www.becouze-talents.com\/wp-content\/uploads\/2024\/11\/BCZ040-e1731949941804.jpg"},{"@type":"BreadcrumbList","@id":"https:\/\/www.becouze-talents.com\/en\/csr-approach#breadcrumb","itemListElement":[{"@type":"ListItem","position":1,"name":"Becouze","item":"https:\/\/www.becouze-talents.com\/en"},{"@type":"ListItem","position":2,"name":"CSR approach"}]},{"@type":"WebSite","@id":"https:\/\/www.becouze-talents.com\/en#website","url":"https:\/\/www.becouze-talents.com\/en","name":"BCZ","description":"BCZ, soci\u00e9t\u00e9 ind\u00e9pendante d&#039;expertise, d&#039;audit et de conseil.","publisher":{"@id":"https:\/\/www.becouze-talents.com\/en#organization"},"potentialAction":[{"@type":"SearchAction","target":{"@type":"EntryPoint","urlTemplate":"https:\/\/www.becouze-talents.com\/en?s={search_term_string}"},"query-input":{"@type":"PropertyValueSpecification","valueRequired":true,"valueName":"search_term_string"}}],"inLanguage":"en-US"},{"@type":"Organization","@id":"https:\/\/www.becouze-talents.com\/en#organization","name":"BCZ","url":"https:\/\/www.becouze-talents.com\/en","logo":{"@type":"ImageObject","inLanguage":"en-US","@id":"https:\/\/www.becouze-talents.com\/en#\/schema\/logo\/image\/","url":"https:\/\/www.becouze-talents.com\/wp-content\/uploads\/2024\/10\/Logo_Global_avec_baseline.svg","contentUrl":"https:\/\/www.becouze-talents.com\/wp-content\/uploads\/2024\/10\/Logo_Global_avec_baseline.svg","caption":"BCZ"},"image":{"@id":"https:\/\/www.becouze-talents.com\/en#\/schema\/logo\/image\/"}}]}},"_links":{"self":[{"href":"https:\/\/www.becouze-talents.com\/en\/wp-json\/wp\/v2\/pages\/3584","targetHints":{"allow":["GET"]}}],"collection":[{"href":"https:\/\/www.becouze-talents.com\/en\/wp-json\/wp\/v2\/pages"}],"about":[{"href":"https:\/\/www.becouze-talents.com\/en\/wp-json\/wp\/v2\/types\/page"}],"author":[{"embeddable":true,"href":"https:\/\/www.becouze-talents.com\/en\/wp-json\/wp\/v2\/users\/1"}],"replies":[{"embeddable":true,"href":"https:\/\/www.becouze-talents.com\/en\/wp-json\/wp\/v2\/comments?post=3584"}],"version-history":[{"count":5,"href":"https:\/\/www.becouze-talents.com\/en\/wp-json\/wp\/v2\/pages\/3584\/revisions"}],"predecessor-version":[{"id":4343,"href":"https:\/\/www.becouze-talents.com\/en\/wp-json\/wp\/v2\/pages\/3584\/revisions\/4343"}],"wp:attachment":[{"href":"https:\/\/www.becouze-talents.com\/en\/wp-json\/wp\/v2\/media?parent=3584"}],"curies":[{"name":"wp","href":"https:\/\/api.w.org\/{rel}","templated":true}]}}