{"id":3597,"date":"2024-07-09T09:09:02","date_gmt":"2024-07-09T07:09:02","guid":{"rendered":"https:\/\/www.becouze-talents.com\/mentions-legales"},"modified":"2025-06-17T16:13:42","modified_gmt":"2025-06-17T14:13:42","slug":"mentions-legales","status":"publish","type":"page","link":"https:\/\/www.becouze-talents.com\/en\/mentions-legales","title":{"rendered":"Legal information"},"content":{"rendered":"\n<div class=\"wp-block-group is-layout-flow wp-block-group-is-layout-flow\">\n<h1 class=\"wp-block-heading\">Legal information<\/h1>\n\n\n\n<h2 class=\"wp-block-heading has-medium-font-size\">website PUBLISHER<\/h2>\n\n\n\n<p>Company name: BECOUZE<br>Legal form: S.A.S.<br>Address of registered office: 1 rue de Buffon 49100 ANGERS<br>Address of secondary establishments :<br>4 rue Ren\u00e9 Rouchy 49100 ANGERS \/ 34 rue de Li\u00e8ge 75008 PARIS \/ 19 bis rue La Noue Bras de Fer 44200 NANTES<br>Share capital: \u20ac309,700<br>E-mail address: becouze@crowe-becouze.fr<br>Telephone number: +33 (0)2 41 31 13 30<br>Trade and companies register (RCS): ANGERS B 323 470 427<br>VAT number: FR 13 323470427<br>Legal representative: Mr Guillaume SABY<br>Photographs and videos: SRS13<br>Professional activities: Audit \/ Chartered accountancy \/ Consultancy<br>Registered with the Ordre des Experts-Comptables des Pays-de-La-Loire and the Ordre des Experts-Comptables d&#8217;\u00cele-de-France<br>Registered on the list of Statutory Auditors<\/p>\n\n\n\n<h2 class=\"wp-block-heading has-medium-font-size\">HOSTING<\/h2>\n\n\n\n<p>Company name: UNIMEDIA SERVICES<br>Registered office address: 14 boulevard de Lavoisier 49045 ANGERS Cedex 01<br>Trade and companies register (RCS): ANGERS B 424 005 239<br>Contact email address: support@unimedia.fr<br>Telephone number: +33 (0)2 85 35 55 55<\/p>\n\n\n\n<h2 class=\"wp-block-heading has-medium-font-size\">TECHNICAL PRODUCTION<\/h2>\n\n\n\n<p>Company name: ATALANTA<br>Registered office address: 15 rue Papiau de la Verrie 49000 ANGERS<br>Trade and companies register (RCS): ANGERS B 514 902 659<br>Contact email address: contact@atalanta.fr<br>Telephone number: +33 (0)2 49 87 05 08<\/p>\n\n\n\n<h2 class=\"wp-block-heading has-medium-font-size\">DESIGN<\/h2>\n\n\n\n<p>Company name: RIVACOM<br>Registered office address: 5\/7 rue jean Marie Le Bris 29200 BREST<br>Trade and companies register (RCS): 413 425 281 R.C.S. BREST<br>Contact email address: contact@rivacom.fr<br>Telephone number: + 33 (0)2 98 43 21 50<\/p>\n\n\n\n<h2 class=\"wp-block-heading has-medium-font-size\">PHOTO CREDITS AND ILLUSTRATION<\/h2>\n\n\n\n<p>SRS13 \u2013 Adobe Stock \u2013 Unsplash &#8211; Freepik &#8211; 123RF &#8211; Gwena\u00eblle HOYET<\/p>\n<\/div>\n","protected":false},"excerpt":{"rendered":"<p>Legal information website PUBLISHER Company name: BECOUZELegal form: S.A.S.Address of registered office: 1 rue [&hellip;]<\/p>\n","protected":false},"author":1,"featured_media":0,"parent":0,"menu_order":999,"comment_status":"closed","ping_status":"closed","template":"","meta":{"_acf_changed":false,"footnotes":""},"class_list":["post-3597","page","type-page","status-publish","hentry"],"acf":[],"yoast_head":"<!-- This site is optimized with the Yoast SEO plugin v27.4 - https:\/\/yoast.com\/product\/yoast-seo-wordpress\/ -->\n<title>Legal information - BCZ<\/title>\n<meta name=\"robots\" content=\"index, follow, max-snippet:-1, max-image-preview:large, max-video-preview:-1\" \/>\n<link rel=\"canonical\" href=\"https:\/\/www.becouze-talents.com\/en\/mentions-legales\" \/>\n<meta property=\"og:locale\" content=\"en_US\" \/>\n<meta property=\"og:type\" content=\"article\" \/>\n<meta property=\"og:title\" content=\"Legal information - BCZ\" \/>\n<meta property=\"og:description\" content=\"Legal information website PUBLISHER Company name: BECOUZELegal form: S.A.S.Address of registered office: 1 rue [&hellip;]\" \/>\n<meta property=\"og:url\" content=\"https:\/\/www.becouze-talents.com\/en\/mentions-legales\" \/>\n<meta property=\"og:site_name\" content=\"BCZ\" \/>\n<meta property=\"article:modified_time\" content=\"2025-06-17T14:13:42+00:00\" \/>\n<meta name=\"twitter:card\" content=\"summary_large_image\" \/>\n<meta name=\"twitter:label1\" content=\"Est. reading time\" \/>\n\t<meta name=\"twitter:data1\" content=\"2 minutes\" \/>\n<script type=\"application\/ld+json\" class=\"yoast-schema-graph\">{\"@context\":\"https:\\\/\\\/schema.org\",\"@graph\":[{\"@type\":\"WebPage\",\"@id\":\"https:\\\/\\\/www.becouze-talents.com\\\/en\\\/mentions-legales\",\"url\":\"https:\\\/\\\/www.becouze-talents.com\\\/en\\\/mentions-legales\",\"name\":\"Legal information - BCZ\",\"isPartOf\":{\"@id\":\"https:\\\/\\\/www.becouze-talents.com\\\/en#website\"},\"datePublished\":\"2024-07-09T07:09:02+00:00\",\"dateModified\":\"2025-06-17T14:13:42+00:00\",\"breadcrumb\":{\"@id\":\"https:\\\/\\\/www.becouze-talents.com\\\/en\\\/mentions-legales#breadcrumb\"},\"inLanguage\":\"en-US\",\"potentialAction\":[{\"@type\":\"ReadAction\",\"target\":[\"https:\\\/\\\/www.becouze-talents.com\\\/en\\\/mentions-legales\"]}]},{\"@type\":\"BreadcrumbList\",\"@id\":\"https:\\\/\\\/www.becouze-talents.com\\\/en\\\/mentions-legales#breadcrumb\",\"itemListElement\":[{\"@type\":\"ListItem\",\"position\":1,\"name\":\"Becouze\",\"item\":\"https:\\\/\\\/www.becouze-talents.com\\\/en\"},{\"@type\":\"ListItem\",\"position\":2,\"name\":\"Legal information\"}]},{\"@type\":\"WebSite\",\"@id\":\"https:\\\/\\\/www.becouze-talents.com\\\/en#website\",\"url\":\"https:\\\/\\\/www.becouze-talents.com\\\/en\",\"name\":\"BCZ\",\"description\":\"BCZ, soci\u00e9t\u00e9 ind\u00e9pendante d&#039;expertise, d&#039;audit et de conseil.\",\"publisher\":{\"@id\":\"https:\\\/\\\/www.becouze-talents.com\\\/en#organization\"},\"potentialAction\":[{\"@type\":\"SearchAction\",\"target\":{\"@type\":\"EntryPoint\",\"urlTemplate\":\"https:\\\/\\\/www.becouze-talents.com\\\/en?s={search_term_string}\"},\"query-input\":{\"@type\":\"PropertyValueSpecification\",\"valueRequired\":true,\"valueName\":\"search_term_string\"}}],\"inLanguage\":\"en-US\"},{\"@type\":\"Organization\",\"@id\":\"https:\\\/\\\/www.becouze-talents.com\\\/en#organization\",\"name\":\"BCZ\",\"url\":\"https:\\\/\\\/www.becouze-talents.com\\\/en\",\"logo\":{\"@type\":\"ImageObject\",\"inLanguage\":\"en-US\",\"@id\":\"https:\\\/\\\/www.becouze-talents.com\\\/en#\\\/schema\\\/logo\\\/image\\\/\",\"url\":\"https:\\\/\\\/www.becouze-talents.com\\\/wp-content\\\/uploads\\\/2024\\\/10\\\/Logo_Global_avec_baseline.svg\",\"contentUrl\":\"https:\\\/\\\/www.becouze-talents.com\\\/wp-content\\\/uploads\\\/2024\\\/10\\\/Logo_Global_avec_baseline.svg\",\"caption\":\"BCZ\"},\"image\":{\"@id\":\"https:\\\/\\\/www.becouze-talents.com\\\/en#\\\/schema\\\/logo\\\/image\\\/\"}}]}<\/script>\n<!-- \/ Yoast SEO plugin. -->","yoast_head_json":{"title":"Legal information - BCZ","robots":{"index":"index","follow":"follow","max-snippet":"max-snippet:-1","max-image-preview":"max-image-preview:large","max-video-preview":"max-video-preview:-1"},"canonical":"https:\/\/www.becouze-talents.com\/en\/mentions-legales","og_locale":"en_US","og_type":"article","og_title":"Legal information - BCZ","og_description":"Legal information website PUBLISHER Company name: BECOUZELegal form: S.A.S.Address of registered office: 1 rue [&hellip;]","og_url":"https:\/\/www.becouze-talents.com\/en\/mentions-legales","og_site_name":"BCZ","article_modified_time":"2025-06-17T14:13:42+00:00","twitter_card":"summary_large_image","twitter_misc":{"Est. reading time":"2 minutes"},"schema":{"@context":"https:\/\/schema.org","@graph":[{"@type":"WebPage","@id":"https:\/\/www.becouze-talents.com\/en\/mentions-legales","url":"https:\/\/www.becouze-talents.com\/en\/mentions-legales","name":"Legal information - BCZ","isPartOf":{"@id":"https:\/\/www.becouze-talents.com\/en#website"},"datePublished":"2024-07-09T07:09:02+00:00","dateModified":"2025-06-17T14:13:42+00:00","breadcrumb":{"@id":"https:\/\/www.becouze-talents.com\/en\/mentions-legales#breadcrumb"},"inLanguage":"en-US","potentialAction":[{"@type":"ReadAction","target":["https:\/\/www.becouze-talents.com\/en\/mentions-legales"]}]},{"@type":"BreadcrumbList","@id":"https:\/\/www.becouze-talents.com\/en\/mentions-legales#breadcrumb","itemListElement":[{"@type":"ListItem","position":1,"name":"Becouze","item":"https:\/\/www.becouze-talents.com\/en"},{"@type":"ListItem","position":2,"name":"Legal information"}]},{"@type":"WebSite","@id":"https:\/\/www.becouze-talents.com\/en#website","url":"https:\/\/www.becouze-talents.com\/en","name":"BCZ","description":"BCZ, soci\u00e9t\u00e9 ind\u00e9pendante d&#039;expertise, d&#039;audit et de conseil.","publisher":{"@id":"https:\/\/www.becouze-talents.com\/en#organization"},"potentialAction":[{"@type":"SearchAction","target":{"@type":"EntryPoint","urlTemplate":"https:\/\/www.becouze-talents.com\/en?s={search_term_string}"},"query-input":{"@type":"PropertyValueSpecification","valueRequired":true,"valueName":"search_term_string"}}],"inLanguage":"en-US"},{"@type":"Organization","@id":"https:\/\/www.becouze-talents.com\/en#organization","name":"BCZ","url":"https:\/\/www.becouze-talents.com\/en","logo":{"@type":"ImageObject","inLanguage":"en-US","@id":"https:\/\/www.becouze-talents.com\/en#\/schema\/logo\/image\/","url":"https:\/\/www.becouze-talents.com\/wp-content\/uploads\/2024\/10\/Logo_Global_avec_baseline.svg","contentUrl":"https:\/\/www.becouze-talents.com\/wp-content\/uploads\/2024\/10\/Logo_Global_avec_baseline.svg","caption":"BCZ"},"image":{"@id":"https:\/\/www.becouze-talents.com\/en#\/schema\/logo\/image\/"}}]}},"_links":{"self":[{"href":"https:\/\/www.becouze-talents.com\/en\/wp-json\/wp\/v2\/pages\/3597","targetHints":{"allow":["GET"]}}],"collection":[{"href":"https:\/\/www.becouze-talents.com\/en\/wp-json\/wp\/v2\/pages"}],"about":[{"href":"https:\/\/www.becouze-talents.com\/en\/wp-json\/wp\/v2\/types\/page"}],"author":[{"embeddable":true,"href":"https:\/\/www.becouze-talents.com\/en\/wp-json\/wp\/v2\/users\/1"}],"replies":[{"embeddable":true,"href":"https:\/\/www.becouze-talents.com\/en\/wp-json\/wp\/v2\/comments?post=3597"}],"version-history":[{"count":3,"href":"https:\/\/www.becouze-talents.com\/en\/wp-json\/wp\/v2\/pages\/3597\/revisions"}],"predecessor-version":[{"id":3740,"href":"https:\/\/www.becouze-talents.com\/en\/wp-json\/wp\/v2\/pages\/3597\/revisions\/3740"}],"wp:attachment":[{"href":"https:\/\/www.becouze-talents.com\/en\/wp-json\/wp\/v2\/media?parent=3597"}],"curies":[{"name":"wp","href":"https:\/\/api.w.org\/{rel}","templated":true}]}}